{"id":618,"date":"2015-07-14T15:06:10","date_gmt":"2015-07-14T15:06:10","guid":{"rendered":"http:\/\/medicine-plus.cmsmasters.net\/?page_id=618"},"modified":"2015-07-14T15:06:10","modified_gmt":"2015-07-14T15:06:10","slug":"tabs-tours","status":"publish","type":"page","link":"https:\/\/dentarena.com.tr\/en\/tabs-tours\/","title":{"rendered":"Tabs &#038; Tours"},"content":{"rendered":"<style type=\"text\/css\"> \n#cmsms_heading_69f5bc4595c489_80679677 { \n\ttext-align:left; \n\tmargin-top:60px; \n\tmargin-bottom:30px; \n} \n\n#cmsms_heading_69f5bc4595c489_80679677 .cmsms_heading { \n\ttext-align:left; \n} \n\n#cmsms_heading_69f5bc4595c489_80679677 .cmsms_heading, #cmsms_heading_69f5bc4595c489_80679677 .cmsms_heading a { \n\tfont-weight:normal; \n\tfont-style:normal; \n} \n\n#cmsms_heading_69f5bc4595c489_80679677 .cmsms_heading_divider { \n} \n\n \n#cmsms_row_69f5bc45963896_76232228 .cmsms_row_outer_parent { \n\tpadding-top: 0px; \n} \n\n \n#cmsms_divider_69f5bc45964f42_02497166 { \n\tborder-bottom-width:1px; \n\tborder-bottom-style:solid; \n\tpadding-top:5px; \n\tmargin-bottom:5px; \n} \n \n#cmsms_heading_69f5bc45966267_07252062 { \n\ttext-align:left; \n\tmargin-top:50px; \n\tmargin-bottom:30px; \n} \n\n#cmsms_heading_69f5bc45966267_07252062 .cmsms_heading { \n\ttext-align:left; \n} \n\n#cmsms_heading_69f5bc45966267_07252062 .cmsms_heading, #cmsms_heading_69f5bc45966267_07252062 .cmsms_heading a { \n\tfont-weight:normal; \n\tfont-style:normal; \n} \n\n#cmsms_heading_69f5bc45966267_07252062 .cmsms_heading_divider { \n} \n\n \n#cmsms_row_69f5bc4596a599_82504773 .cmsms_row_outer_parent { \n\tpadding-top: 0px; \n} \n\n \n#cmsms_divider_69f5bc4596b062_53961025 { \n\tborder-bottom-width:1px; \n\tborder-bottom-style:solid; \n\tpadding-top:10px; \n\tmargin-bottom:10px; \n} \n \n#cmsms_row_69f5bc4596b2d0_31739999 .cmsms_row_outer_parent { \n\tpadding-bottom: 50px; \n} \n\n \n#cmsms_heading_69f5bc4596c412_15638803 { \n\ttext-align:left; \n\tmargin-top:50px; \n\tmargin-bottom:30px; \n} \n\n#cmsms_heading_69f5bc4596c412_15638803 .cmsms_heading { \n\ttext-align:left; \n} \n\n#cmsms_heading_69f5bc4596c412_15638803 .cmsms_heading, #cmsms_heading_69f5bc4596c412_15638803 .cmsms_heading a { \n\tfont-weight:normal; \n\tfont-style:normal; \n} \n\n#cmsms_heading_69f5bc4596c412_15638803 .cmsms_heading_divider { \n} \n\n<\/style><div id=\"cmsms_row_69f5bc4595a054_68532076\" class=\"cmsms_row cmsms_color_scheme_default\">\n<div class=\"cmsms_row_outer_parent\">\n<div class=\"cmsms_row_outer\">\n<div class=\"cmsms_row_inner\">\n<div class=\"cmsms_row_margin\">\n<div class=\"cmsms_column one_first\">\n\n<div id=\"cmsms_heading_69f5bc4595c489_80679677\" class=\"cmsms_heading_wrap cmsms_heading_align_left\">\n\t<h1 class=\"cmsms_heading\">Tabs<\/h1>\n<\/div><div class=\"cmsms_text\">\n<p style=\"text-align: left\">You can set icons and any color on tabs.<\/p>\n<\/div>\n<div class=\"cmsms_tabs tabs_mode_tab\">\n<ul class=\"cmsms_tabs_list\">\n<li id=\"cmsms_tabs_list_item_69f5bc45960c0\" class=\"cmsms_tabs_list_item current_tab\">\n<a href=\"#\">\n<span> Oral surgery<\/span>\n<\/a>\n<\/li><li id=\"cmsms_tabs_list_item_69f5bc45961ee\" class=\"cmsms_tabs_list_item\">\n<a href=\"#\">\n<span>Orthodontic<\/span>\n<\/a>\n<\/li><li id=\"cmsms_tabs_list_item_69f5bc4596310\" class=\"cmsms_tabs_list_item\">\n<a href=\"#\" class=\"cmsms-icon-user-md\">\n<span>Kids Dentist<\/span>\n<\/a>\n<\/li><\/ul>\n<div class=\"cmsms_tabs_wrap\">\n<div id=\"cmsms_tab_69f5bc45960c0\" class=\"cmsms_tab active_tab\">\n<div class=\"cmsms_tab_inner\">\n<h4>Oral surgery<\/h4>\n<p>Lorem ipsum dolor sit amet, consectetur adipiscing elit, sed do eiusmod tempor incididunt ut labore et dolore magna aliqua. Ut enim ad minim veniam, quis nostrud exercitation ullamco laboris nisi ut aliquip ex ea commodo consequat. Duis aute irure dolor in reprehenderit in voluptate velit esse cillum dolore eu fugiat nulla pariatur. Excepteur sint occaecat cupidatat non proident, sunt in culpa qui officia deserunt mollit anim id est laborumSed ut perspiciatis unde omnis iste natus error sit voluptatem accusantium doloremque laudantium, totam rem aperiam, eaque ipsa quae ab illo inventore veritatis et quasi architecto beatae vitae dicta sunt explicabo.<\/p>\n<h4><\/h4>\n<\/div>\n<\/div><div id=\"cmsms_tab_69f5bc45961ee\" class=\"cmsms_tab\">\n<div class=\"cmsms_tab_inner\">\n<h4>Orthodontic<\/h4>\n<p>Lorem ipsum dolor sit amet, consectetur adipiscing elit, sed do eiusmod tempor incididunt ut labore et dolore magna aliqua. Ut enim ad minim veniam, quis nostrud exercitation ullamco laboris nisi ut aliquip ex ea commodo consequat. Duis aute irure dolor in reprehenderit in voluptate velit esse cillum dolore eu fugiat nulla pariatur. Excepteur sint occaecat cupidatat non proident, sunt in culpa qui officia deserunt mollit anim id est laborumSed ut perspiciatis unde omnis iste natus error sit voluptatem accusantium doloremque laudantium, totam rem aperiam, eaque ipsa quae ab illo inventore veritatis et quasi architecto beatae vitae dicta sunt explicabo.<\/p>\n<\/div>\n<\/div><div id=\"cmsms_tab_69f5bc4596310\" class=\"cmsms_tab\">\n<div class=\"cmsms_tab_inner\">\n<h4>Kids Dentist<\/h4>\n<p>Lorem ipsum dolor sit amet, consectetur adipiscing elit, sed do eiusmod tempor incididunt ut labore et dolore magna aliqua. Ut enim ad minim veniam, quis nostrud exercitation ullamco laboris nisi ut aliquip ex ea commodo consequat. Duis aute irure dolor in reprehenderit in voluptate velit esse cillum dolore eu fugiat nulla pariatur. Excepteur sint occaecat cupidatat non proident, sunt in culpa qui officia deserunt mollit anim id est laborumSed ut perspiciatis unde omnis iste natus error sit voluptatem accusantium doloremque laudantium, totam rem aperiam, eaque ipsa quae ab illo inventore veritatis et quasi architecto beatae vitae dicta sunt explicabo.<\/p>\n<\/div>\n<\/div><\/div>\n<\/div>\n<\/div>\n<\/div>\n<\/div>\n<\/div>\n<\/div>\n<\/div>\n<div id=\"cmsms_row_69f5bc45963896_76232228\" class=\"cmsms_row cmsms_color_scheme_default\">\n<div class=\"cmsms_row_outer_parent\">\n<div class=\"cmsms_row_outer\">\n<div class=\"cmsms_row_inner\">\n<div class=\"cmsms_row_margin\">\n<div class=\"cmsms_column one_first\">\n\n<div id=\"cmsms_divider_69f5bc45964f42_02497166\" class=\"cmsms_divider cmsms_divider_width_long cmsms_divider_pos_center\"><\/div>\n<\/div>\n<\/div>\n<\/div>\n<\/div>\n<\/div>\n<\/div>\n<div id=\"cmsms_row_69f5bc45965232_33004275\" class=\"cmsms_row cmsms_color_scheme_default\">\n<div class=\"cmsms_row_outer_parent\">\n<div class=\"cmsms_row_outer\">\n<div class=\"cmsms_row_inner\">\n<div class=\"cmsms_row_margin\">\n<div class=\"cmsms_column one_first\">\n\n<div id=\"cmsms_heading_69f5bc45966267_07252062\" class=\"cmsms_heading_wrap cmsms_heading_align_left\">\n\t<h1 class=\"cmsms_heading\">Tour. Left Side<\/h1>\n<\/div><div class=\"cmsms_text\">\n<p>You can set icons and any color on tabs.<\/p>\n<\/div>\n<div class=\"cmsms_tabs tabs_mode_tour tabs_pos_left\">\n<ul class=\"cmsms_tabs_list\">\n<li id=\"cmsms_tabs_list_item_69f5bc45967bb\" class=\"cmsms_tabs_list_item\">\n<a href=\"#\">\n<span>Oral surgery<\/span>\n<\/a>\n<\/li><li id=\"cmsms_tabs_list_item_69f5bc45968dd\" class=\"cmsms_tabs_list_item current_tab\">\n<a href=\"#\">\n<span>Orthodontic<\/span>\n<\/a>\n<\/li><li id=\"cmsms_tabs_list_item_69f5bc45969e8\" class=\"cmsms_tabs_list_item\">\n<a href=\"#\" class=\"cmsms-icon-user-md\">\n<span>Kids Dentist<\/span>\n<\/a>\n<\/li><\/ul>\n<div class=\"cmsms_tabs_wrap\">\n<div id=\"cmsms_tab_69f5bc45967bb\" class=\"cmsms_tab\">\n<div class=\"cmsms_tab_inner\">\n<h4>Oral surgery<\/h4>\n<p>Lorem ipsum dolor sit amet, consectetur adipiscing elit, sed do eiusmod tempor incididunt ut labore et dolore magna aliqua. Ut enim ad minim veniam, quis nostrud exercitation ullamco laboris nisi ut aliquip ex ea commodo consequat. Duis aute irure dolor in reprehenderit in voluptate velit esse cillum dolore eu fugiat nulla pariatur. Excepteur sint occaecat cupidatat non proident, sunt in culpa qui officia deserunt mollit anim id est laborumSed ut perspiciatis unde omnis iste natus error sit voluptatem accusantium doloremque laudantium, totam rem aperiam, eaque ipsa quae ab illo inventore veritatis et quasi architecto beatae vitae dicta sunt explicabo.<\/p>\n<h4><\/h4>\n<\/div>\n<\/div><div id=\"cmsms_tab_69f5bc45968dd\" class=\"cmsms_tab active_tab\">\n<div class=\"cmsms_tab_inner\">\n<h4>Orthodontic<\/h4>\n<p>Lorem ipsum dolor sit amet, consectetur adipiscing elit, sed do eiusmod tempor incididunt ut labore et dolore magna aliqua. Ut enim ad minim veniam, quis nostrud exercitation ullamco laboris nisi ut aliquip ex ea commodo consequat. Duis aute irure dolor in reprehenderit in voluptate velit esse cillum dolore eu fugiat nulla pariatur. Excepteur sint occaecat cupidatat non proident, sunt in culpa qui officia deserunt mollit anim id est laborumSed ut perspiciatis unde omnis iste natus error sit voluptatem accusantium doloremque laudantium, totam rem aperiam, eaque ipsa quae ab illo inventore veritatis et quasi architecto beatae vitae dicta sunt explicabo.<\/p>\n<\/div>\n<\/div><div id=\"cmsms_tab_69f5bc45969e8\" class=\"cmsms_tab\">\n<div class=\"cmsms_tab_inner\">\n<h4>Kids Dentist<\/h4>\n<p>Lorem ipsum dolor sit amet, consectetur adipiscing elit, sed do eiusmod tempor incididunt ut labore et dolore magna aliqua. Ut enim ad minim veniam, quis nostrud exercitation ullamco laboris nisi ut aliquip ex ea commodo consequat. Duis aute irure dolor in reprehenderit in voluptate velit esse cillum dolore eu fugiat nulla pariatur. Excepteur sint occaecat cupidatat non proident, sunt in culpa qui officia deserunt mollit anim id est laborumSed ut perspiciatis unde omnis iste natus error sit voluptatem accusantium doloremque laudantium, totam rem aperiam, eaque ipsa quae ab illo inventore veritatis et quasi architecto beatae vitae dicta sunt explicabo.<\/p>\n<\/div>\n<\/div><\/div>\n<\/div>\n<\/div>\n<\/div>\n<\/div>\n<\/div>\n<\/div>\n<\/div>\n<div id=\"cmsms_row_69f5bc4596a599_82504773\" class=\"cmsms_row cmsms_color_scheme_default\">\n<div class=\"cmsms_row_outer_parent\">\n<div class=\"cmsms_row_outer\">\n<div class=\"cmsms_row_inner\">\n<div class=\"cmsms_row_margin\">\n<div class=\"cmsms_column one_first\">\n\n<div id=\"cmsms_divider_69f5bc4596b062_53961025\" class=\"cmsms_divider cmsms_divider_width_long cmsms_divider_pos_center\"><\/div>\n<\/div>\n<\/div>\n<\/div>\n<\/div>\n<\/div>\n<\/div>\n<div id=\"cmsms_row_69f5bc4596b2d0_31739999\" class=\"cmsms_row cmsms_color_scheme_default\">\n<div class=\"cmsms_row_outer_parent\">\n<div class=\"cmsms_row_outer\">\n<div class=\"cmsms_row_inner\">\n<div class=\"cmsms_row_margin\">\n<div class=\"cmsms_column one_first\">\n\n<div id=\"cmsms_heading_69f5bc4596c412_15638803\" class=\"cmsms_heading_wrap cmsms_heading_align_left\">\n\t<h1 class=\"cmsms_heading\">Tour. Right Side<\/h1>\n<\/div><div class=\"cmsms_text\">\n<p style=\"text-align: left\">You can set icons and any color on tabs.<\/p>\n<\/div>\n<div class=\"cmsms_tabs tabs_mode_tour tabs_pos_right\">\n<ul class=\"cmsms_tabs_list\">\n<li id=\"cmsms_tabs_list_item_69f5bc4596dda\" class=\"cmsms_tabs_list_item\">\n<a href=\"#\">\n<span>Oral surgery<\/span>\n<\/a>\n<\/li><li id=\"cmsms_tabs_list_item_69f5bc4596eea\" class=\"cmsms_tabs_list_item\">\n<a href=\"#\">\n<span>Orthodontic<\/span>\n<\/a>\n<\/li><li id=\"cmsms_tabs_list_item_69f5bc4597001\" class=\"cmsms_tabs_list_item current_tab\">\n<a href=\"#\" class=\"cmsms-icon-user-md\">\n<span> Kids Dentist<\/span>\n<\/a>\n<\/li><\/ul>\n<div class=\"cmsms_tabs_wrap\">\n<div id=\"cmsms_tab_69f5bc4596dda\" class=\"cmsms_tab\">\n<div class=\"cmsms_tab_inner\">\n<h4>Oral surgery<\/h4>\n<p>Lorem ipsum dolor sit amet, consectetur adipiscing elit, sed do eiusmod tempor incididunt ut labore et dolore magna aliqua. Ut enim ad minim veniam, quis nostrud exercitation ullamco laboris nisi ut aliquip ex ea commodo consequat. Duis aute irure dolor in reprehenderit in voluptate velit esse cillum dolore eu fugiat nulla pariatur. Excepteur sint occaecat cupidatat non proident, sunt in culpa qui officia deserunt mollit anim id est laborumSed ut perspiciatis unde omnis iste natus error sit voluptatem accusantium doloremque laudantium, totam rem aperiam, eaque ipsa quae ab illo inventore veritatis et quasi architecto beatae vitae dicta sunt explicabo.<\/p>\n<h4><\/h4>\n<\/div>\n<\/div><div id=\"cmsms_tab_69f5bc4596eea\" class=\"cmsms_tab\">\n<div class=\"cmsms_tab_inner\">\n<h4>Orthodontic<\/h4>\n<p>Lorem ipsum dolor sit amet, consectetur adipiscing elit, sed do eiusmod tempor incididunt ut labore et dolore magna aliqua. Ut enim ad minim veniam, quis nostrud exercitation ullamco laboris nisi ut aliquip ex ea commodo consequat. Duis aute irure dolor in reprehenderit in voluptate velit esse cillum dolore eu fugiat nulla pariatur. Excepteur sint occaecat cupidatat non proident, sunt in culpa qui officia deserunt mollit anim id est laborumSed ut perspiciatis unde omnis iste natus error sit voluptatem accusantium doloremque laudantium, totam rem aperiam, eaque ipsa quae ab illo inventore veritatis et quasi architecto beatae vitae dicta sunt explicabo.<\/p>\n<\/div>\n<\/div><div id=\"cmsms_tab_69f5bc4597001\" class=\"cmsms_tab active_tab\">\n<div class=\"cmsms_tab_inner\">\n<h4>Kids Dentist<\/h4>\n<p>Lorem ipsum dolor sit amet, consectetur adipiscing elit, sed do eiusmod tempor incididunt ut labore et dolore magna aliqua. Ut enim ad minim veniam, quis nostrud exercitation ullamco laboris nisi ut aliquip ex ea commodo consequat. Duis aute irure dolor in reprehenderit in voluptate velit esse cillum dolore eu fugiat nulla pariatur. Excepteur sint occaecat cupidatat non proident, sunt in culpa qui officia deserunt mollit anim id est laborumSed ut perspiciatis unde omnis iste natus error sit voluptatem accusantium doloremque laudantium, totam rem aperiam, eaque ipsa quae ab illo inventore veritatis et quasi architecto beatae vitae dicta sunt explicabo.<\/p>\n<\/div>\n<\/div><\/div>\n<\/div>\n<\/div>\n<\/div>\n<\/div>\n<\/div>\n<\/div>\n<\/div>","protected":false},"excerpt":{"rendered":"","protected":false},"author":1,"featured_media":0,"parent":0,"menu_order":0,"comment_status":"closed","ping_status":"open","template":"","meta":{"footnotes":""},"class_list":["post-618","page","type-page","status-publish","hentry"],"yoast_head":"<!-- This site is optimized with the Yoast SEO plugin v25.1 - https:\/\/yoast.com\/wordpress\/plugins\/seo\/ -->\n<title>Tabs &amp; Tours - Dent Arena A\u011f\u0131z Ve Di\u015f Sa\u011fl\u0131\u011f\u0131 Poliklini\u011fi<\/title>\n<meta name=\"robots\" content=\"index, follow, max-snippet:-1, max-image-preview:large, max-video-preview:-1\" \/>\n<link rel=\"canonical\" href=\"https:\/\/dentarena.com.tr\/en\/tabs-tours\/\" \/>\n<meta property=\"og:locale\" content=\"en_GB\" \/>\n<meta property=\"og:type\" content=\"article\" \/>\n<meta property=\"og:title\" content=\"Tabs &amp; Tours - Dent Arena A\u011f\u0131z Ve Di\u015f Sa\u011fl\u0131\u011f\u0131 Poliklini\u011fi\" \/>\n<meta property=\"og:url\" content=\"https:\/\/dentarena.com.tr\/en\/tabs-tours\/\" \/>\n<meta property=\"og:site_name\" content=\"Dent Arena A\u011f\u0131z Ve Di\u015f Sa\u011fl\u0131\u011f\u0131 Poliklini\u011fi\" \/>\n<meta name=\"twitter:card\" content=\"summary_large_image\" \/>\n<meta name=\"twitter:label1\" content=\"Estimated reading time\" \/>\n\t<meta name=\"twitter:data1\" content=\"6 minutes\" \/>\n<script type=\"application\/ld+json\" class=\"yoast-schema-graph\">{\"@context\":\"https:\/\/schema.org\",\"@graph\":[{\"@type\":\"WebPage\",\"@id\":\"https:\/\/dentarena.com.tr\/tabs-tours\/\",\"url\":\"https:\/\/dentarena.com.tr\/tabs-tours\/\",\"name\":\"Tabs & Tours - Dent Arena A\u011f\u0131z Ve Di\u015f Sa\u011fl\u0131\u011f\u0131 Poliklini\u011fi\",\"isPartOf\":{\"@id\":\"https:\/\/dentarena.com.tr\/#website\"},\"datePublished\":\"2015-07-14T15:06:10+00:00\",\"breadcrumb\":{\"@id\":\"https:\/\/dentarena.com.tr\/tabs-tours\/#breadcrumb\"},\"inLanguage\":\"en-GB\",\"potentialAction\":[{\"@type\":\"ReadAction\",\"target\":[\"https:\/\/dentarena.com.tr\/tabs-tours\/\"]}]},{\"@type\":\"BreadcrumbList\",\"@id\":\"https:\/\/dentarena.com.tr\/tabs-tours\/#breadcrumb\",\"itemListElement\":[{\"@type\":\"ListItem\",\"position\":1,\"name\":\"Anasayfa\",\"item\":\"http:\/\/dentarena.com.tr\/\"},{\"@type\":\"ListItem\",\"position\":2,\"name\":\"Tabs &#038; Tours\"}]},{\"@type\":\"WebSite\",\"@id\":\"https:\/\/dentarena.com.tr\/#website\",\"url\":\"https:\/\/dentarena.com.tr\/\",\"name\":\"Dent Arena A\u011f\u0131z Ve Di\u015f Sa\u011fl\u0131\u011f\u0131 Poliklini\u011fi\",\"description\":\"\",\"potentialAction\":[{\"@type\":\"SearchAction\",\"target\":{\"@type\":\"EntryPoint\",\"urlTemplate\":\"https:\/\/dentarena.com.tr\/?s={search_term_string}\"},\"query-input\":{\"@type\":\"PropertyValueSpecification\",\"valueRequired\":true,\"valueName\":\"search_term_string\"}}],\"inLanguage\":\"en-GB\"}]}<\/script>\n<!-- \/ Yoast SEO plugin. -->","yoast_head_json":{"title":"Tabs & Tours - Dent Arena A\u011f\u0131z Ve Di\u015f Sa\u011fl\u0131\u011f\u0131 Poliklini\u011fi","robots":{"index":"index","follow":"follow","max-snippet":"max-snippet:-1","max-image-preview":"max-image-preview:large","max-video-preview":"max-video-preview:-1"},"canonical":"https:\/\/dentarena.com.tr\/en\/tabs-tours\/","og_locale":"en_GB","og_type":"article","og_title":"Tabs & Tours - Dent Arena A\u011f\u0131z Ve Di\u015f Sa\u011fl\u0131\u011f\u0131 Poliklini\u011fi","og_url":"https:\/\/dentarena.com.tr\/en\/tabs-tours\/","og_site_name":"Dent Arena A\u011f\u0131z Ve Di\u015f Sa\u011fl\u0131\u011f\u0131 Poliklini\u011fi","twitter_card":"summary_large_image","twitter_misc":{"Estimated reading time":"6 minutes"},"schema":{"@context":"https:\/\/schema.org","@graph":[{"@type":"WebPage","@id":"https:\/\/dentarena.com.tr\/tabs-tours\/","url":"https:\/\/dentarena.com.tr\/tabs-tours\/","name":"Tabs & Tours - Dent Arena A\u011f\u0131z Ve Di\u015f Sa\u011fl\u0131\u011f\u0131 Poliklini\u011fi","isPartOf":{"@id":"https:\/\/dentarena.com.tr\/#website"},"datePublished":"2015-07-14T15:06:10+00:00","breadcrumb":{"@id":"https:\/\/dentarena.com.tr\/tabs-tours\/#breadcrumb"},"inLanguage":"en-GB","potentialAction":[{"@type":"ReadAction","target":["https:\/\/dentarena.com.tr\/tabs-tours\/"]}]},{"@type":"BreadcrumbList","@id":"https:\/\/dentarena.com.tr\/tabs-tours\/#breadcrumb","itemListElement":[{"@type":"ListItem","position":1,"name":"Anasayfa","item":"http:\/\/dentarena.com.tr\/"},{"@type":"ListItem","position":2,"name":"Tabs &#038; Tours"}]},{"@type":"WebSite","@id":"https:\/\/dentarena.com.tr\/#website","url":"https:\/\/dentarena.com.tr\/","name":"Dent Arena A\u011f\u0131z Ve Di\u015f Sa\u011fl\u0131\u011f\u0131 Poliklini\u011fi","description":"","potentialAction":[{"@type":"SearchAction","target":{"@type":"EntryPoint","urlTemplate":"https:\/\/dentarena.com.tr\/?s={search_term_string}"},"query-input":{"@type":"PropertyValueSpecification","valueRequired":true,"valueName":"search_term_string"}}],"inLanguage":"en-GB"}]}},"_links":{"self":[{"href":"https:\/\/dentarena.com.tr\/en\/wp-json\/wp\/v2\/pages\/618","targetHints":{"allow":["GET"]}}],"collection":[{"href":"https:\/\/dentarena.com.tr\/en\/wp-json\/wp\/v2\/pages"}],"about":[{"href":"https:\/\/dentarena.com.tr\/en\/wp-json\/wp\/v2\/types\/page"}],"author":[{"embeddable":true,"href":"https:\/\/dentarena.com.tr\/en\/wp-json\/wp\/v2\/users\/1"}],"replies":[{"embeddable":true,"href":"https:\/\/dentarena.com.tr\/en\/wp-json\/wp\/v2\/comments?post=618"}],"version-history":[{"count":0,"href":"https:\/\/dentarena.com.tr\/en\/wp-json\/wp\/v2\/pages\/618\/revisions"}],"wp:attachment":[{"href":"https:\/\/dentarena.com.tr\/en\/wp-json\/wp\/v2\/media?parent=618"}],"curies":[{"name":"wp","href":"https:\/\/api.w.org\/{rel}","templated":true}]}}