{"id":4864,"date":"2022-01-06T23:05:14","date_gmt":"2022-01-06T20:05:14","guid":{"rendered":"https:\/\/dentarena.com.tr\/?page_id=4864"},"modified":"2022-01-10T14:41:46","modified_gmt":"2022-01-10T11:41:46","slug":"marka-tescil-belgemiz","status":"publish","type":"page","link":"https:\/\/dentarena.com.tr\/en\/marka-tescil-belgemiz\/","title":{"rendered":"Our Trademark Registration Certificate"},"content":{"rendered":"<style type=\"text\/css\"> \n#cmsms_row_69d48d7063ffa0_33626731 .cmsms_row_outer_parent { \n\tpadding-top: 0px; \n} \n\n#cmsms_row_69d48d7063ffa0_33626731 .cmsms_row_outer_parent { \n\tpadding-bottom: 50px; \n} \n\n\n\t\t\t\t#cmsms_gallery_69d48d70641872_72889963 .cmsms_gallery {\n\t\t\t\t\tmargin:0 0 0 -10px;\n\t\t\t\t}\n\t\t\t\t\n\t\t\t\t#cmsms_gallery_69d48d70641872_72889963 .cmsms_gallery .cmsms_gallery_item {\n\t\t\t\t\tpadding:0 0 10px 10px;\n\t\t\t\t}\n\t\t\t<\/style><div id=\"cmsms_row_69d48d7063ffa0_33626731\" class=\"cmsms_row cmsms_color_scheme_default\">\n<div class=\"cmsms_row_outer_parent\">\n<div class=\"cmsms_row_outer\">\n<div class=\"cmsms_row_inner\">\n<div class=\"cmsms_row_margin\">\n<div class=\"cmsms_column one_half\">\n<div id=\"cmsms_gallery_69d48d70641872_72889963\" class=\"cmsms_gallery_wrap\"><ul class=\"cmsms_gallery cmsms_4 cmsms_more_items_loader\"><li class=\"cmsms_gallery_item\"><figure><a href=\"https:\/\/dentarena.com.tr\/wp-content\/uploads\/2022\/01\/mtb-min-scaled.jpg\" rel=\"ilightbox[69d48d70641872_72889963]\"><img fetchpriority=\"high\" decoding=\"async\" width=\"1664\" height=\"2560\" src=\"https:\/\/dentarena.com.tr\/wp-content\/uploads\/2022\/01\/mtb-min-scaled.jpg\" class=\"attachment-full size-full\" alt=\"\" srcset=\"https:\/\/dentarena.com.tr\/wp-content\/uploads\/2022\/01\/mtb-min-scaled.jpg 1664w, https:\/\/dentarena.com.tr\/wp-content\/uploads\/2022\/01\/mtb-min-195x300.jpg 195w, https:\/\/dentarena.com.tr\/wp-content\/uploads\/2022\/01\/mtb-min-665x1024.jpg 665w, https:\/\/dentarena.com.tr\/wp-content\/uploads\/2022\/01\/mtb-min-768x1182.jpg 768w, https:\/\/dentarena.com.tr\/wp-content\/uploads\/2022\/01\/mtb-min-998x1536.jpg 998w, https:\/\/dentarena.com.tr\/wp-content\/uploads\/2022\/01\/mtb-min-1331x2048.jpg 1331w, https:\/\/dentarena.com.tr\/wp-content\/uploads\/2022\/01\/mtb-min-8x12.jpg 8w, https:\/\/dentarena.com.tr\/wp-content\/uploads\/2022\/01\/mtb-min-580x892.jpg 580w, https:\/\/dentarena.com.tr\/wp-content\/uploads\/2022\/01\/mtb-min-860x1323.jpg 860w, https:\/\/dentarena.com.tr\/wp-content\/uploads\/2022\/01\/mtb-min-1160x1785.jpg 1160w\" sizes=\"(max-width: 1664px) 100vw, 1664px\" \/><\/a><\/figure><\/li><\/ul><script type=\"text\/javascript\">\n\t\t\t\tjQuery(document).ready(function () {\n\t\t\t\t\t(function ($) {\n\t\t\t\t\t\tif ($('#cmsms_gallery_69d48d70641872_72889963').find('.cmsms_gallery_item').length == '0') {\n\t\t\t\t\t\t\treturn false;\n\t\t\t\t\t\t}\n\t\t\t\t\t\t\n\t\t\t\t\t\t\n\t\t\t\t\t\tstartGallery( \n\t\t\t\t\t\t\t'69d48d70641872_72889963', \n\t\t\t\t\t\t\t'grid', \n\t\t\t\t\t\t\t'false', \n\t\t\t\t\t\t\t'false' \n\t\t\t\t\t\t);\n\t\t\t\t\t} )(jQuery);\n\t\t\t\t} );\n\t\t\t<\/script>\n\t\t\t<\/div>\n<\/div>\n<div class=\"cmsms_column one_half\">\n<div class=\"cmsms_text\">\n<h4>Our clinic has been registered as Dentarena by the Turkish Patent Institute.<\/h4>\n<\/div>\n<\/div>\n<\/div>\n<\/div>\n<\/div>\n<\/div>\n<\/div>","protected":false},"excerpt":{"rendered":"","protected":false},"author":1,"featured_media":0,"parent":0,"menu_order":0,"comment_status":"closed","ping_status":"closed","template":"","meta":{"footnotes":""},"class_list":["post-4864","page","type-page","status-publish","hentry"],"yoast_head":"<!-- This site is optimized with the Yoast SEO plugin v25.1 - https:\/\/yoast.com\/wordpress\/plugins\/seo\/ -->\n<title>Marka Tescil Belgemiz - Dent Arena A\u011f\u0131z Ve Di\u015f Sa\u011fl\u0131\u011f\u0131 Poliklini\u011fi<\/title>\n<meta name=\"robots\" content=\"index, follow, max-snippet:-1, max-image-preview:large, max-video-preview:-1\" \/>\n<link rel=\"canonical\" href=\"https:\/\/dentarena.com.tr\/en\/marka-tescil-belgemiz\/\" \/>\n<meta property=\"og:locale\" content=\"en_GB\" \/>\n<meta property=\"og:type\" content=\"article\" \/>\n<meta property=\"og:title\" content=\"Marka Tescil Belgemiz - Dent Arena A\u011f\u0131z Ve Di\u015f Sa\u011fl\u0131\u011f\u0131 Poliklini\u011fi\" \/>\n<meta property=\"og:url\" content=\"https:\/\/dentarena.com.tr\/en\/marka-tescil-belgemiz\/\" \/>\n<meta property=\"og:site_name\" content=\"Dent Arena A\u011f\u0131z Ve Di\u015f Sa\u011fl\u0131\u011f\u0131 Poliklini\u011fi\" \/>\n<meta property=\"article:modified_time\" content=\"2022-01-10T11:41:46+00:00\" \/>\n<meta name=\"twitter:card\" content=\"summary_large_image\" \/>\n<meta name=\"twitter:label1\" content=\"Estimated reading time\" \/>\n\t<meta name=\"twitter:data1\" content=\"1 minute\" \/>\n<script type=\"application\/ld+json\" class=\"yoast-schema-graph\">{\"@context\":\"https:\/\/schema.org\",\"@graph\":[{\"@type\":\"WebPage\",\"@id\":\"https:\/\/dentarena.com.tr\/marka-tescil-belgemiz\/\",\"url\":\"https:\/\/dentarena.com.tr\/marka-tescil-belgemiz\/\",\"name\":\"Marka Tescil Belgemiz - Dent Arena A\u011f\u0131z Ve Di\u015f Sa\u011fl\u0131\u011f\u0131 Poliklini\u011fi\",\"isPartOf\":{\"@id\":\"https:\/\/dentarena.com.tr\/#website\"},\"datePublished\":\"2022-01-06T20:05:14+00:00\",\"dateModified\":\"2022-01-10T11:41:46+00:00\",\"breadcrumb\":{\"@id\":\"https:\/\/dentarena.com.tr\/marka-tescil-belgemiz\/#breadcrumb\"},\"inLanguage\":\"en-GB\",\"potentialAction\":[{\"@type\":\"ReadAction\",\"target\":[\"https:\/\/dentarena.com.tr\/marka-tescil-belgemiz\/\"]}]},{\"@type\":\"BreadcrumbList\",\"@id\":\"https:\/\/dentarena.com.tr\/marka-tescil-belgemiz\/#breadcrumb\",\"itemListElement\":[{\"@type\":\"ListItem\",\"position\":1,\"name\":\"Anasayfa\",\"item\":\"http:\/\/dentarena.com.tr\/\"},{\"@type\":\"ListItem\",\"position\":2,\"name\":\"Marka Tescil Belgemiz\"}]},{\"@type\":\"WebSite\",\"@id\":\"https:\/\/dentarena.com.tr\/#website\",\"url\":\"https:\/\/dentarena.com.tr\/\",\"name\":\"Dent Arena A\u011f\u0131z Ve Di\u015f Sa\u011fl\u0131\u011f\u0131 Poliklini\u011fi\",\"description\":\"\",\"potentialAction\":[{\"@type\":\"SearchAction\",\"target\":{\"@type\":\"EntryPoint\",\"urlTemplate\":\"https:\/\/dentarena.com.tr\/?s={search_term_string}\"},\"query-input\":{\"@type\":\"PropertyValueSpecification\",\"valueRequired\":true,\"valueName\":\"search_term_string\"}}],\"inLanguage\":\"en-GB\"}]}<\/script>\n<!-- \/ Yoast SEO plugin. -->","yoast_head_json":{"title":"Marka Tescil Belgemiz - Dent Arena A\u011f\u0131z Ve Di\u015f Sa\u011fl\u0131\u011f\u0131 Poliklini\u011fi","robots":{"index":"index","follow":"follow","max-snippet":"max-snippet:-1","max-image-preview":"max-image-preview:large","max-video-preview":"max-video-preview:-1"},"canonical":"https:\/\/dentarena.com.tr\/en\/marka-tescil-belgemiz\/","og_locale":"en_GB","og_type":"article","og_title":"Marka Tescil Belgemiz - Dent Arena A\u011f\u0131z Ve Di\u015f Sa\u011fl\u0131\u011f\u0131 Poliklini\u011fi","og_url":"https:\/\/dentarena.com.tr\/en\/marka-tescil-belgemiz\/","og_site_name":"Dent Arena A\u011f\u0131z Ve Di\u015f Sa\u011fl\u0131\u011f\u0131 Poliklini\u011fi","article_modified_time":"2022-01-10T11:41:46+00:00","twitter_card":"summary_large_image","twitter_misc":{"Estimated reading time":"1 minute"},"schema":{"@context":"https:\/\/schema.org","@graph":[{"@type":"WebPage","@id":"https:\/\/dentarena.com.tr\/marka-tescil-belgemiz\/","url":"https:\/\/dentarena.com.tr\/marka-tescil-belgemiz\/","name":"Marka Tescil Belgemiz - Dent Arena A\u011f\u0131z Ve Di\u015f Sa\u011fl\u0131\u011f\u0131 Poliklini\u011fi","isPartOf":{"@id":"https:\/\/dentarena.com.tr\/#website"},"datePublished":"2022-01-06T20:05:14+00:00","dateModified":"2022-01-10T11:41:46+00:00","breadcrumb":{"@id":"https:\/\/dentarena.com.tr\/marka-tescil-belgemiz\/#breadcrumb"},"inLanguage":"en-GB","potentialAction":[{"@type":"ReadAction","target":["https:\/\/dentarena.com.tr\/marka-tescil-belgemiz\/"]}]},{"@type":"BreadcrumbList","@id":"https:\/\/dentarena.com.tr\/marka-tescil-belgemiz\/#breadcrumb","itemListElement":[{"@type":"ListItem","position":1,"name":"Anasayfa","item":"http:\/\/dentarena.com.tr\/"},{"@type":"ListItem","position":2,"name":"Marka Tescil Belgemiz"}]},{"@type":"WebSite","@id":"https:\/\/dentarena.com.tr\/#website","url":"https:\/\/dentarena.com.tr\/","name":"Dent Arena A\u011f\u0131z Ve Di\u015f Sa\u011fl\u0131\u011f\u0131 Poliklini\u011fi","description":"","potentialAction":[{"@type":"SearchAction","target":{"@type":"EntryPoint","urlTemplate":"https:\/\/dentarena.com.tr\/?s={search_term_string}"},"query-input":{"@type":"PropertyValueSpecification","valueRequired":true,"valueName":"search_term_string"}}],"inLanguage":"en-GB"}]}},"_links":{"self":[{"href":"https:\/\/dentarena.com.tr\/en\/wp-json\/wp\/v2\/pages\/4864","targetHints":{"allow":["GET"]}}],"collection":[{"href":"https:\/\/dentarena.com.tr\/en\/wp-json\/wp\/v2\/pages"}],"about":[{"href":"https:\/\/dentarena.com.tr\/en\/wp-json\/wp\/v2\/types\/page"}],"author":[{"embeddable":true,"href":"https:\/\/dentarena.com.tr\/en\/wp-json\/wp\/v2\/users\/1"}],"replies":[{"embeddable":true,"href":"https:\/\/dentarena.com.tr\/en\/wp-json\/wp\/v2\/comments?post=4864"}],"version-history":[{"count":15,"href":"https:\/\/dentarena.com.tr\/en\/wp-json\/wp\/v2\/pages\/4864\/revisions"}],"predecessor-version":[{"id":4888,"href":"https:\/\/dentarena.com.tr\/en\/wp-json\/wp\/v2\/pages\/4864\/revisions\/4888"}],"wp:attachment":[{"href":"https:\/\/dentarena.com.tr\/en\/wp-json\/wp\/v2\/media?parent=4864"}],"curies":[{"name":"wp","href":"https:\/\/api.w.org\/{rel}","templated":true}]}}