{"id":308,"date":"2015-07-09T09:47:08","date_gmt":"2015-07-09T09:47:08","guid":{"rendered":"http:\/\/medicine-plus.cmsmasters.net\/?page_id=308"},"modified":"2015-07-09T09:47:08","modified_gmt":"2015-07-09T09:47:08","slug":"tables","status":"publish","type":"page","link":"https:\/\/dentarena.com.tr\/en\/tables\/","title":{"rendered":"Tables"},"content":{"rendered":"<style type=\"text\/css\"> \n#cmsms_row_69df0636334f55_82863716 .cmsms_row_outer_parent { \n\tpadding-top: 50px; \n} \n\n#cmsms_row_69df0636334f55_82863716 .cmsms_row_outer_parent { \n\tpadding-bottom: 90px; \n} \n\n<\/style><div id=\"cmsms_row_69df0636334f55_82863716\" class=\"cmsms_row cmsms_color_scheme_default\">\n<div class=\"cmsms_row_outer_parent\">\n<div class=\"cmsms_row_outer\">\n<div class=\"cmsms_row_inner\">\n<div class=\"cmsms_row_margin\">\n<div class=\"cmsms_column one_first\">\n<div class=\"cmsms_wrap_table\"><table class=\"cmsms_table\"><caption>Caption Example<\/caption><thead><tr class=\"cmsms_table_row_header\"><th class=\"cmsms_table_cell_aligncenter\">HEADER<\/th><th class=\"cmsms_table_cell_aligncenter\">HEADER<\/th><th class=\"cmsms_table_cell_aligncenter\">HEADER<\/th><th class=\"cmsms_table_cell_aligncenter\">HEADER<\/th><th class=\"cmsms_table_cell_aligncenter\">HEADER<\/th><\/tr><\/thead><tr><td class=\"cmsms_table_cell_aligncenter\">Division<\/td><td class=\"cmsms_table_cell_aligncenter\">Division<\/td><td class=\"cmsms_table_cell_aligncenter\">Division<\/td><td class=\"cmsms_table_cell_aligncenter\">Division<\/td><td class=\"cmsms_table_cell_aligncenter\">Division<\/td><\/tr><tr><td class=\"cmsms_table_cell_aligncenter\">Division<\/td><td class=\"cmsms_table_cell_aligncenter\">Division<\/td><td class=\"cmsms_table_cell_aligncenter\">Division<\/td><td class=\"cmsms_table_cell_aligncenter\">Division<\/td><td class=\"cmsms_table_cell_aligncenter\">Division<\/td><\/tr><tr><td class=\"cmsms_table_cell_aligncenter\">Division<\/td><td class=\"cmsms_table_cell_aligncenter\">Division<\/td><td class=\"cmsms_table_cell_aligncenter\">Division<\/td><td class=\"cmsms_table_cell_aligncenter\">Division<\/td><td class=\"cmsms_table_cell_aligncenter\">Division<\/td><\/tr><tr><td class=\"cmsms_table_cell_aligncenter\">Division<\/td><td class=\"cmsms_table_cell_aligncenter\">Division<\/td><td class=\"cmsms_table_cell_aligncenter\">Division<\/td><td class=\"cmsms_table_cell_aligncenter\">Division<\/td><td class=\"cmsms_table_cell_aligncenter\">Division<\/td><\/tr><tr><td class=\"cmsms_table_cell_aligncenter\">Division<\/td><td class=\"cmsms_table_cell_aligncenter\">Division<\/td><td class=\"cmsms_table_cell_aligncenter\">Division<\/td><td class=\"cmsms_table_cell_aligncenter\">Division<\/td><td class=\"cmsms_table_cell_aligncenter\">Division<\/td><\/tr><tfoot><tr class=\"cmsms_table_row_footer\"><td class=\"cmsms_table_cell_aligncenter\">FOOTER<\/td><td class=\"cmsms_table_cell_aligncenter\">FOOTER<\/td><td class=\"cmsms_table_cell_aligncenter\">FOOTER<\/td><td class=\"cmsms_table_cell_aligncenter\">FOOTER<\/td><td class=\"cmsms_table_cell_aligncenter\">FOOTER<\/td><\/tr><\/tfoot><\/table><\/div>\n<\/div>\n<\/div>\n<\/div>\n<\/div>\n<\/div>\n<\/div>","protected":false},"excerpt":{"rendered":"","protected":false},"author":1,"featured_media":0,"parent":0,"menu_order":0,"comment_status":"closed","ping_status":"open","template":"","meta":{"footnotes":""},"class_list":["post-308","page","type-page","status-publish","hentry"],"yoast_head":"<!-- This site is optimized with the Yoast SEO plugin v25.1 - https:\/\/yoast.com\/wordpress\/plugins\/seo\/ -->\n<title>Tables - Dent Arena A\u011f\u0131z Ve Di\u015f Sa\u011fl\u0131\u011f\u0131 Poliklini\u011fi<\/title>\n<meta name=\"robots\" content=\"index, follow, max-snippet:-1, max-image-preview:large, max-video-preview:-1\" \/>\n<link rel=\"canonical\" href=\"https:\/\/dentarena.com.tr\/en\/tables\/\" \/>\n<meta property=\"og:locale\" content=\"en_GB\" \/>\n<meta property=\"og:type\" content=\"article\" \/>\n<meta property=\"og:title\" content=\"Tables - Dent Arena A\u011f\u0131z Ve Di\u015f Sa\u011fl\u0131\u011f\u0131 Poliklini\u011fi\" \/>\n<meta property=\"og:url\" content=\"https:\/\/dentarena.com.tr\/en\/tables\/\" \/>\n<meta property=\"og:site_name\" content=\"Dent Arena A\u011f\u0131z Ve Di\u015f Sa\u011fl\u0131\u011f\u0131 Poliklini\u011fi\" \/>\n<meta name=\"twitter:card\" content=\"summary_large_image\" \/>\n<meta name=\"twitter:label1\" content=\"Estimated reading time\" \/>\n\t<meta name=\"twitter:data1\" content=\"2 minutes\" \/>\n<script type=\"application\/ld+json\" class=\"yoast-schema-graph\">{\"@context\":\"https:\/\/schema.org\",\"@graph\":[{\"@type\":\"WebPage\",\"@id\":\"https:\/\/dentarena.com.tr\/tables\/\",\"url\":\"https:\/\/dentarena.com.tr\/tables\/\",\"name\":\"Tables - Dent Arena A\u011f\u0131z Ve Di\u015f Sa\u011fl\u0131\u011f\u0131 Poliklini\u011fi\",\"isPartOf\":{\"@id\":\"https:\/\/dentarena.com.tr\/#website\"},\"datePublished\":\"2015-07-09T09:47:08+00:00\",\"breadcrumb\":{\"@id\":\"https:\/\/dentarena.com.tr\/tables\/#breadcrumb\"},\"inLanguage\":\"en-GB\",\"potentialAction\":[{\"@type\":\"ReadAction\",\"target\":[\"https:\/\/dentarena.com.tr\/tables\/\"]}]},{\"@type\":\"BreadcrumbList\",\"@id\":\"https:\/\/dentarena.com.tr\/tables\/#breadcrumb\",\"itemListElement\":[{\"@type\":\"ListItem\",\"position\":1,\"name\":\"Anasayfa\",\"item\":\"http:\/\/dentarena.com.tr\/\"},{\"@type\":\"ListItem\",\"position\":2,\"name\":\"Tables\"}]},{\"@type\":\"WebSite\",\"@id\":\"https:\/\/dentarena.com.tr\/#website\",\"url\":\"https:\/\/dentarena.com.tr\/\",\"name\":\"Dent Arena A\u011f\u0131z Ve Di\u015f Sa\u011fl\u0131\u011f\u0131 Poliklini\u011fi\",\"description\":\"\",\"potentialAction\":[{\"@type\":\"SearchAction\",\"target\":{\"@type\":\"EntryPoint\",\"urlTemplate\":\"https:\/\/dentarena.com.tr\/?s={search_term_string}\"},\"query-input\":{\"@type\":\"PropertyValueSpecification\",\"valueRequired\":true,\"valueName\":\"search_term_string\"}}],\"inLanguage\":\"en-GB\"}]}<\/script>\n<!-- \/ Yoast SEO plugin. -->","yoast_head_json":{"title":"Tables - Dent Arena A\u011f\u0131z Ve Di\u015f Sa\u011fl\u0131\u011f\u0131 Poliklini\u011fi","robots":{"index":"index","follow":"follow","max-snippet":"max-snippet:-1","max-image-preview":"max-image-preview:large","max-video-preview":"max-video-preview:-1"},"canonical":"https:\/\/dentarena.com.tr\/en\/tables\/","og_locale":"en_GB","og_type":"article","og_title":"Tables - Dent Arena A\u011f\u0131z Ve Di\u015f Sa\u011fl\u0131\u011f\u0131 Poliklini\u011fi","og_url":"https:\/\/dentarena.com.tr\/en\/tables\/","og_site_name":"Dent Arena A\u011f\u0131z Ve Di\u015f Sa\u011fl\u0131\u011f\u0131 Poliklini\u011fi","twitter_card":"summary_large_image","twitter_misc":{"Estimated reading time":"2 minutes"},"schema":{"@context":"https:\/\/schema.org","@graph":[{"@type":"WebPage","@id":"https:\/\/dentarena.com.tr\/tables\/","url":"https:\/\/dentarena.com.tr\/tables\/","name":"Tables - Dent Arena A\u011f\u0131z Ve Di\u015f Sa\u011fl\u0131\u011f\u0131 Poliklini\u011fi","isPartOf":{"@id":"https:\/\/dentarena.com.tr\/#website"},"datePublished":"2015-07-09T09:47:08+00:00","breadcrumb":{"@id":"https:\/\/dentarena.com.tr\/tables\/#breadcrumb"},"inLanguage":"en-GB","potentialAction":[{"@type":"ReadAction","target":["https:\/\/dentarena.com.tr\/tables\/"]}]},{"@type":"BreadcrumbList","@id":"https:\/\/dentarena.com.tr\/tables\/#breadcrumb","itemListElement":[{"@type":"ListItem","position":1,"name":"Anasayfa","item":"http:\/\/dentarena.com.tr\/"},{"@type":"ListItem","position":2,"name":"Tables"}]},{"@type":"WebSite","@id":"https:\/\/dentarena.com.tr\/#website","url":"https:\/\/dentarena.com.tr\/","name":"Dent Arena A\u011f\u0131z Ve Di\u015f Sa\u011fl\u0131\u011f\u0131 Poliklini\u011fi","description":"","potentialAction":[{"@type":"SearchAction","target":{"@type":"EntryPoint","urlTemplate":"https:\/\/dentarena.com.tr\/?s={search_term_string}"},"query-input":{"@type":"PropertyValueSpecification","valueRequired":true,"valueName":"search_term_string"}}],"inLanguage":"en-GB"}]}},"_links":{"self":[{"href":"https:\/\/dentarena.com.tr\/en\/wp-json\/wp\/v2\/pages\/308","targetHints":{"allow":["GET"]}}],"collection":[{"href":"https:\/\/dentarena.com.tr\/en\/wp-json\/wp\/v2\/pages"}],"about":[{"href":"https:\/\/dentarena.com.tr\/en\/wp-json\/wp\/v2\/types\/page"}],"author":[{"embeddable":true,"href":"https:\/\/dentarena.com.tr\/en\/wp-json\/wp\/v2\/users\/1"}],"replies":[{"embeddable":true,"href":"https:\/\/dentarena.com.tr\/en\/wp-json\/wp\/v2\/comments?post=308"}],"version-history":[{"count":0,"href":"https:\/\/dentarena.com.tr\/en\/wp-json\/wp\/v2\/pages\/308\/revisions"}],"wp:attachment":[{"href":"https:\/\/dentarena.com.tr\/en\/wp-json\/wp\/v2\/media?parent=308"}],"curies":[{"name":"wp","href":"https:\/\/api.w.org\/{rel}","templated":true}]}}