{"id":1481,"date":"2015-07-31T08:14:19","date_gmt":"2015-07-31T05:14:19","guid":{"rendered":"http:\/\/medicine-plus.cmsmasters.net\/?page_id=1481"},"modified":"2022-02-03T17:37:42","modified_gmt":"2022-02-03T14:37:42","slug":"hizmetlerimiz","status":"publish","type":"page","link":"https:\/\/dentarena.com.tr\/en\/hizmetlerimiz\/","title":{"rendered":"Services"},"content":{"rendered":"<style type=\"text\/css\"> \n#cmsms_row_69d48df33299d2_57090947 .cmsms_row_outer_parent { \n\tpadding-top: 0px; \n} \n\n#cmsms_row_69d48df33299d2_57090947 .cmsms_row_outer_parent { \n\tpadding-bottom: 50px; \n} \n\n \n#cmsms_divider_69d48df332b3b1_33112180 { \n\tborder-bottom-width:1px; \n\tborder-bottom-style:solid; \n\tpadding-top:50px; \n\tmargin-bottom:50px; \n} \n \n#cmsms_row_69d48df332d124_77921882 .cmsms_row_outer_parent { \n\tpadding-top: 0px; \n} \n\n#cmsms_row_69d48df332d124_77921882 .cmsms_row_outer_parent { \n\tpadding-bottom: 50px; \n} \n\n \n#cmsms_row_69d48df333b283_88381498 .cmsms_row_outer_parent { \n\tpadding-top: 0px; \n} \n\n#cmsms_row_69d48df333b283_88381498 .cmsms_row_outer_parent { \n\tpadding-bottom: 50px; \n} \n\n \n#cmsms_row_69d48df3347818_07769640 .cmsms_row_outer_parent { \n\tpadding-top: 0px; \n} \n\n#cmsms_row_69d48df3347818_07769640 .cmsms_row_outer_parent { \n\tpadding-bottom: 50px; \n} \n\n \n#cmsms_row_69d48df3351029_84074029 .cmsms_row_outer_parent { \n\tpadding-top: 0px; \n} \n\n#cmsms_row_69d48df3351029_84074029 .cmsms_row_outer_parent { \n\tpadding-bottom: 50px; \n} \n\n \n#cmsms_row_69d48df33575b6_09106573 .cmsms_row_outer_parent { \n\tpadding-top: 0px; \n} \n\n#cmsms_row_69d48df33575b6_09106573 .cmsms_row_outer_parent { \n\tpadding-bottom: 50px; \n} \n\n\n#cmsms_button_69d48df3358f37_29403224 { \n\ttext-align:center; \n} \n\n#cmsms_button_69d48df3358f37_29403224 .cmsms_button:before { \n\tmargin-right:.5em; \n\tmargin-left:0; \n\tvertical-align:baseline; \n} \n\n#cmsms_button_69d48df3358f37_29403224 .cmsms_button { \n\tfont-weight:normal; \n\tfont-style:normal; \n\tborder-style:solid; \n} \n#cmsms_button_69d48df3358f37_29403224 .cmsms_button:hover { \n} \n<\/style><div id=\"cmsms_row_69d48df33299d2_57090947\" class=\"cmsms_row cmsms_color_scheme_default\">\n<div class=\"cmsms_row_outer_parent\">\n<div class=\"cmsms_row_outer\">\n<div class=\"cmsms_row_inner\">\n<div class=\"cmsms_row_margin\">\n<div class=\"cmsms_column one_first\">\n\n<div id=\"cmsms_divider_69d48df332b3b1_33112180\" class=\"cmsms_divider cmsms_divider_width_long cmsms_divider_pos_center\"><\/div>\n<\/div>\n<\/div>\n<\/div>\n<\/div>\n<\/div>\n<\/div>\n<div id=\"cmsms_row_69d48df332d124_77921882\" class=\"cmsms_row cmsms_color_scheme_default\">\n<div class=\"cmsms_row_outer_parent\">\n<div class=\"cmsms_row_outer\">\n<div class=\"cmsms_row_inner\">\n<div class=\"cmsms_row_margin\">\n<div class=\"cmsms_column one_fourth\">\n<div class=\"aligncenter\">\n<div class=\"cmsms_img  cmsms_image_c\">\n<img decoding=\"async\" src=\"https:\/\/dentarena.com.tr\/wp-content\/uploads\/2021\/11\/Gulus-tasarimi-2.png\" \/>\n<\/div>\n<\/div>\n<div class=\"cmsms_text\">\n<h2><\/h2>\n<h2 style=\"text-align: center;\">Smile Design<\/h2>\n<\/div>\n<div class=\"cmsms_text\">\n<p style=\"text-align: center;\"><span style=\"font-weight: 400;\">Aesthetic dentistry concerns not only about the look, the color, the shape of the teeth but also concerns about the gums, the jawbone, the tongue, the lips, the jaw, and their place in human psychology. The Smile Design is a very important part of aesthetic dentistry. With this procedure, our physicians design a new smiling look for the patient considering their face, mouth, and bone structure.<\/span><\/p>\n<\/div>\n<\/div>\n<div class=\"cmsms_column one_fourth\">\n<div class=\"aligncenter\">\n<div class=\"cmsms_img  cmsms_image_c\">\n<img decoding=\"async\" src=\"https:\/\/dentarena.com.tr\/wp-content\/uploads\/2021\/11\/Dis-Beyazlatma-1.png\" \/>\n<\/div>\n<\/div>\n<div class=\"cmsms_text\">\n<h4><\/h4>\n<h2 style=\"text-align: center;\">Teeth Whitening<\/h2>\n<\/div>\n<div class=\"cmsms_text\">\n<p style=\"text-align: center;\"><span style=\"font-weight: 400;\">This is a treatment technique where the discolored or yellow -due to smoking and coffee consumption or genetics- teeth is whitened. With this procedure, the teeth look brighter, healthier, whiter, and of course, more aesthetically pleasing. <\/span><\/p>\n<\/div>\n<\/div>\n<div class=\"cmsms_column one_fourth\">\n<div class=\"aligncenter\">\n<div class=\"cmsms_img  cmsms_image_c\">\n<img decoding=\"async\" src=\"https:\/\/dentarena.com.tr\/wp-content\/uploads\/2021\/11\/Implant-1.png\" \/>\n<\/div>\n<\/div>\n<div class=\"cmsms_text\">\n<h4><\/h4>\n<h2 style=\"text-align: center;\">Dental Implants<\/h2>\n<\/div>\n<div class=\"cmsms_text\">\n<p style=\"text-align: center;\"><span style=\"font-weight: 400;\">Dental implants are artificial tooth roots placed into the mandible to regain the function and the aesthetic appearance of the lost teeth for various raisons. These artificial teeth are placed into the mandible thanks to screws and with the help of local anesthesia, lost teeth in terms of function and aesthetics are replaced after a painless surgical operation. One of the best advantages of dental implants is that it can be done without doing any harm to other teeth. <\/span><\/p>\n<\/div>\n<\/div>\n<div class=\"cmsms_column one_fourth\">\n<div class=\"aligncenter\">\n<div class=\"cmsms_img  cmsms_image_c\">\n<img decoding=\"async\" src=\"https:\/\/dentarena.com.tr\/wp-content\/uploads\/2021\/11\/Ortodonti-1.png\" \/>\n<\/div>\n<\/div>\n<div class=\"cmsms_text\">\n<h4><\/h4>\n<h2 style=\"text-align: center;\">Orthodontia<\/h2>\n<\/div>\n<div class=\"cmsms_text\">\n<p style=\"text-align: center;\"><span style=\"font-weight: 400;\">Orthodontia is the branch of dentistry that deals with issues like the aesthetic and anatomical structure of the teeth, correction of crooked teeth and get rid of abnormalities of the teeth and the jaw. Orthodontists determine if treatments like the use of braces or dental implants is necessary after examining teeth and mouth structure and they ensure that people have healthy teeth and mouth using these treatments.<\/span><\/p>\n<\/div>\n<\/div>\n<\/div>\n<\/div>\n<\/div>\n<\/div>\n<\/div>\n<div id=\"cmsms_row_69d48df333b283_88381498\" class=\"cmsms_row cmsms_color_scheme_default\">\n<div class=\"cmsms_row_outer_parent\">\n<div class=\"cmsms_row_outer\">\n<div class=\"cmsms_row_inner\">\n<div class=\"cmsms_row_margin\">\n<div class=\"cmsms_column one_fourth\">\n<div class=\"aligncenter\">\n<div class=\"cmsms_img  cmsms_image_c\">\n<img decoding=\"async\" src=\"https:\/\/dentarena.com.tr\/wp-content\/uploads\/2021\/11\/dis-eti.png\" \/>\n<\/div>\n<\/div>\n<div class=\"cmsms_text\">\n<h4><\/h4>\n<h2 style=\"text-align: center;\">Periodontology<\/h2>\n<\/div>\n<div class=\"cmsms_text\">\n<p style=\"text-align: center;\"><span style=\"font-weight: 400;\">The branch of periodontology focuses on surrounding tissues of the teeth and it consists of treatments to get rid of dental problems like sensitive teeth, gingivitis and bleeding gums. Since gingival problems can lead to more severe problems, up to the tooth loss if not taken care of, it\u2019s vital to get the proper treatment for the general oral and dental health.<\/span><\/p>\n<\/div>\n<\/div>\n<div class=\"cmsms_column one_fourth\">\n<div class=\"aligncenter\">\n<div class=\"cmsms_img  cmsms_image_c\">\n<img decoding=\"async\" src=\"https:\/\/dentarena.com.tr\/wp-content\/uploads\/2021\/11\/Kanal-tedavisi.png\" \/>\n<\/div>\n<\/div>\n<div class=\"cmsms_text\">\n<h4><\/h4>\n<h2 style=\"text-align: center;\">Endodontics<\/h2>\n<\/div>\n<div class=\"cmsms_text\">\n<p style=\"text-align: center;\"><span style=\"font-weight: 400;\">Root canal treatment is the process of repairing the infected and decayed tooth roots with the methods. Root canal treatment is based on filling the root canal after removing the damaged soft tissue and dental nerves under the hard layer of the tooth. Removing the damaged nerves doesn\u2019t endanger the health of the tooth but it also prevents the tooth from aching. If the treatment is delayed, tooth abscesses may occur due to the infection of the nerves in the decayed tooth.<\/span><\/p>\n<\/div>\n<\/div>\n<div class=\"cmsms_column one_fourth\">\n<div class=\"aligncenter\">\n<div class=\"cmsms_img  cmsms_image_c\">\n<img decoding=\"async\" src=\"https:\/\/dentarena.com.tr\/wp-content\/uploads\/2021\/11\/Protez.png\" \/>\n<\/div>\n<\/div>\n<div class=\"cmsms_text\">\n<h4><\/h4>\n<h2 style=\"text-align: center;\">Dental Prosthesis<\/h2>\n<\/div>\n<div class=\"cmsms_text\">\n<p style=\"text-align: center;\"><span style=\"font-weight: 400;\">A dental prosthesis is an artificial tooth which is specially designed for the purpose of restoring both function and appearance of the lost teeth. Specially designed dentures according to the need of patient have many positive effects like recapturing the general aesthetic appearance, correcting the deteriorated speech and increasing the life quality.<\/span><\/p>\n<\/div>\n<\/div>\n<div class=\"cmsms_column one_fourth\">\n<div class=\"aligncenter\">\n<div class=\"cmsms_img  cmsms_image_c\">\n<img decoding=\"async\" src=\"https:\/\/dentarena.com.tr\/wp-content\/uploads\/2021\/11\/agiz-ve-cene-cerrahi.png\" \/>\n<\/div>\n<\/div>\n<div class=\"cmsms_text\">\n<h2 style=\"text-align: center;\">Oral, Dental and Maxillofacial Surgery<\/h2>\n<\/div>\n<div class=\"cmsms_text\">\n<p style=\"text-align: center;\"><span style=\"font-weight: 400;\">Oral, dental and maxillofacial surgery aims to prevent and treat problems such as diseases and deformities related to hard and soft tissues in the mouth, as well as it aims to increase the aesthetic appearance and quality of life lost by the patient. The most appropriate treatment method is selected according to the needs of the patient and the necessary surgical operations are performed under local or full anesthesia.<\/span><\/p>\n<\/div>\n<\/div>\n<\/div>\n<\/div>\n<\/div>\n<\/div>\n<\/div>\n<div id=\"cmsms_row_69d48df3347818_07769640\" class=\"cmsms_row cmsms_color_scheme_default\">\n<div class=\"cmsms_row_outer_parent\">\n<div class=\"cmsms_row_outer\">\n<div class=\"cmsms_row_inner\">\n<div class=\"cmsms_row_margin\">\n<div class=\"cmsms_column one_third\">\n<div class=\"aligncenter\">\n<div class=\"cmsms_img  cmsms_image_c\">\n<img decoding=\"async\" src=\"https:\/\/dentarena.com.tr\/wp-content\/uploads\/2021\/11\/cocuk.png\" \/>\n<\/div>\n<\/div>\n<div class=\"cmsms_text\">\n<h2><\/h2>\n<h2 style=\"text-align: center;\">Pediatric Dentistry<\/h2>\n<\/div>\n<div class=\"cmsms_text\">\n<p style=\"text-align: center;\"><span style=\"font-weight: 400;\">Pediatric dentistry, also known as pedodontics, covers all methods to protect the general oral and dental health and to treat the encountered problems of the age group considered as child. From thumb sucking and nail biting which affects oral health negatively to the treatment of milk teeth, pediatric dentistry requires special expertise in many subjects and it\u2019s very important to choose wisely pediatric dentists for the oral and dental health of children in the future.<\/span><\/p>\n<\/div>\n<\/div>\n<div class=\"cmsms_column one_third\">\n<div class=\"aligncenter\">\n<div class=\"cmsms_img  cmsms_image_c\">\n<img decoding=\"async\" src=\"https:\/\/dentarena.com.tr\/wp-content\/uploads\/2022\/01\/10-1.png\" \/>\n<\/div>\n<\/div>\n<div class=\"cmsms_text\">\n<h2 style=\"text-align: center;\">Aesthetic Dental Fillings<\/h2>\n<\/div>\n<div class=\"cmsms_text\">\n<p style=\"text-align: center;\">Aesthetic dental fillings are a part of the smile design treatments. These fillings are made just like the ones made due to medical concerns; they are chosen according to the color of patients\u2019 teeth. This procedure aims to create an aesthetic, natural-looking smile for the patient\u2019s benefit. Aesthetic fillings are durable, as long as the patient keeps taking care of their teeth as usual. The procedure is painless during and after, made under local anesthesia. It would be rather simple to regain your lost dental tissues and acquire a brand-new smile with our aesthetic fillings.<\/p>\n<\/div>\n<\/div>\n<div class=\"cmsms_column one_third\">\n<div class=\"aligncenter\">\n<div class=\"cmsms_img  cmsms_image_c\">\n<img decoding=\"async\" src=\"https:\/\/dentarena.com.tr\/wp-content\/uploads\/2022\/01\/11.png\" \/>\n<\/div>\n<\/div>\n<div class=\"cmsms_text\">\n<h2 style=\"text-align: center;\">Porcelain Laminate Veneers<\/h2>\n<\/div>\n<div class=\"cmsms_text\">\n<p style=\"text-align: center;\">Porcelain laminate veneers are a part of our smile design procedures and treatments which we consider when the patient has discolored, disfigured teeth or the spaces between their teeth aren\u2019t ideal. This procedure can be done both for medical and aesthetic purposes. Thanks to these veneers; carious, broken, devious teeth will no longer be a problem. The laminating procedure is made under local anesthesia and although it could depend on the patients\u2019 dental health, generally finalized in three sessions. No pain is endured during or after the procedure. Porcelain laminate veneers are durable and sturdy, no need for additional care routine except for your regular dental hygiene routine. Also, because these veneers are light-transmitting, they look natural, innate and aesthetic.<\/p>\n<\/div>\n<\/div>\n<\/div>\n<\/div>\n<\/div>\n<\/div>\n<\/div>\n<div id=\"cmsms_row_69d48df3351029_84074029\" class=\"cmsms_row cmsms_color_scheme_default\">\n<div class=\"cmsms_row_outer_parent\">\n<div class=\"cmsms_row_outer\">\n<div class=\"cmsms_row_inner\">\n<div class=\"cmsms_row_margin\">\n<div class=\"cmsms_column one_half\">\n<div class=\"aligncenter\">\n<div class=\"cmsms_img  cmsms_image_c\">\n<img decoding=\"async\" src=\"https:\/\/dentarena.com.tr\/wp-content\/uploads\/2022\/01\/12.png\" \/>\n<\/div>\n<\/div>\n<div class=\"cmsms_text\">\n<h2 style=\"text-align: center;\">Masseter Botox<\/h2>\n<\/div>\n<div class=\"cmsms_text\">\n<p style=\"text-align: center;\">If you have problems like teeth grinding, pain and aching in the jaw area and headache, then masseter botox could be a suitable solution. Activity level of muscles in the jaw area is reduced by the botox application. Thanks to this treatment, the patient gets rid of any aches in the jaw area and obtains a more round and balanced face structure.<\/p>\n<\/div>\n<\/div>\n<div class=\"cmsms_column one_half\">\n<div class=\"aligncenter\">\n<div class=\"cmsms_img  cmsms_image_c\">\n<img decoding=\"async\" src=\"https:\/\/dentarena.com.tr\/wp-content\/uploads\/2022\/01\/13.png\" \/>\n<\/div>\n<\/div>\n<div class=\"cmsms_text\">\n<h2 style=\"text-align: center;\">Zirconium Veneers<\/h2>\n<\/div>\n<div class=\"cmsms_text\">\n<p style=\"text-align: center;\">Zirconium dental veneers are highly preferred due to their white color and their aesthetic appearance. Zirconium veneers provide a healthier, more transparent and more natural appearance since they do not create a matte appearance. Since zirconium is lighter than other metal-supported veneers, it also minimizes any possible gum problems. It\u2019s also more durable and it doesn\u2019t cause gingival sensitivity.<\/p>\n<\/div>\n<\/div>\n<\/div>\n<\/div>\n<\/div>\n<\/div>\n<\/div>\n<div id=\"cmsms_row_69d48df33575b6_09106573\" class=\"cmsms_row cmsms_color_scheme_default\">\n<div class=\"cmsms_row_outer_parent\">\n<div class=\"cmsms_row_outer\">\n<div class=\"cmsms_row_inner\">\n<div class=\"cmsms_row_margin\">\n<div class=\"cmsms_column one_first\">\n\n<div id=\"cmsms_button_69d48df3358f37_29403224\" class=\"button_wrap\"><a href=\"https:\/\/dentarena.com.tr\/en\/online-randevu\/\" class=\"cmsms_button\"><span>Online Appointment<\/span><\/a><\/div>\n<\/div>\n<\/div>\n<\/div>\n<\/div>\n<\/div>\n<\/div>","protected":false},"excerpt":{"rendered":"","protected":false},"author":1,"featured_media":0,"parent":0,"menu_order":1,"comment_status":"closed","ping_status":"closed","template":"","meta":{"footnotes":""},"class_list":["post-1481","page","type-page","status-publish","hentry"],"yoast_head":"<!-- This site is optimized with the Yoast SEO plugin v25.1 - https:\/\/yoast.com\/wordpress\/plugins\/seo\/ -->\n<title>Hizmetlerimiz - Dent Arena A\u011f\u0131z Ve Di\u015f Sa\u011fl\u0131\u011f\u0131 Poliklini\u011fi<\/title>\n<meta name=\"robots\" content=\"index, follow, max-snippet:-1, max-image-preview:large, max-video-preview:-1\" \/>\n<link rel=\"canonical\" href=\"http:\/\/dentarena.com.tr\/en\/hizmetlerimiz\/\" \/>\n<meta property=\"og:locale\" content=\"en_GB\" \/>\n<meta property=\"og:type\" content=\"article\" \/>\n<meta property=\"og:title\" content=\"Hizmetlerimiz - Dent Arena A\u011f\u0131z Ve Di\u015f Sa\u011fl\u0131\u011f\u0131 Poliklini\u011fi\" \/>\n<meta property=\"og:url\" content=\"http:\/\/dentarena.com.tr\/en\/hizmetlerimiz\/\" \/>\n<meta property=\"og:site_name\" content=\"Dent Arena A\u011f\u0131z Ve Di\u015f Sa\u011fl\u0131\u011f\u0131 Poliklini\u011fi\" \/>\n<meta property=\"article:modified_time\" content=\"2022-02-03T14:37:42+00:00\" \/>\n<meta name=\"twitter:card\" content=\"summary_large_image\" \/>\n<meta name=\"twitter:label1\" content=\"Estimated reading time\" \/>\n\t<meta name=\"twitter:data1\" content=\"6 minutes\" \/>\n<script type=\"application\/ld+json\" class=\"yoast-schema-graph\">{\"@context\":\"https:\/\/schema.org\",\"@graph\":[{\"@type\":\"WebPage\",\"@id\":\"http:\/\/dentarena.com.tr\/hizmetlerimiz\/\",\"url\":\"http:\/\/dentarena.com.tr\/hizmetlerimiz\/\",\"name\":\"Hizmetlerimiz - Dent Arena A\u011f\u0131z Ve Di\u015f Sa\u011fl\u0131\u011f\u0131 Poliklini\u011fi\",\"isPartOf\":{\"@id\":\"https:\/\/dentarena.com.tr\/#website\"},\"datePublished\":\"2015-07-31T05:14:19+00:00\",\"dateModified\":\"2022-02-03T14:37:42+00:00\",\"breadcrumb\":{\"@id\":\"http:\/\/dentarena.com.tr\/hizmetlerimiz\/#breadcrumb\"},\"inLanguage\":\"en-GB\",\"potentialAction\":[{\"@type\":\"ReadAction\",\"target\":[\"http:\/\/dentarena.com.tr\/hizmetlerimiz\/\"]}]},{\"@type\":\"BreadcrumbList\",\"@id\":\"http:\/\/dentarena.com.tr\/hizmetlerimiz\/#breadcrumb\",\"itemListElement\":[{\"@type\":\"ListItem\",\"position\":1,\"name\":\"Anasayfa\",\"item\":\"http:\/\/dentarena.com.tr\/\"},{\"@type\":\"ListItem\",\"position\":2,\"name\":\"Hizmetlerimiz\"}]},{\"@type\":\"WebSite\",\"@id\":\"https:\/\/dentarena.com.tr\/#website\",\"url\":\"https:\/\/dentarena.com.tr\/\",\"name\":\"Dent Arena A\u011f\u0131z Ve Di\u015f Sa\u011fl\u0131\u011f\u0131 Poliklini\u011fi\",\"description\":\"\",\"potentialAction\":[{\"@type\":\"SearchAction\",\"target\":{\"@type\":\"EntryPoint\",\"urlTemplate\":\"https:\/\/dentarena.com.tr\/?s={search_term_string}\"},\"query-input\":{\"@type\":\"PropertyValueSpecification\",\"valueRequired\":true,\"valueName\":\"search_term_string\"}}],\"inLanguage\":\"en-GB\"}]}<\/script>\n<!-- \/ Yoast SEO plugin. -->","yoast_head_json":{"title":"Hizmetlerimiz - Dent Arena A\u011f\u0131z Ve Di\u015f Sa\u011fl\u0131\u011f\u0131 Poliklini\u011fi","robots":{"index":"index","follow":"follow","max-snippet":"max-snippet:-1","max-image-preview":"max-image-preview:large","max-video-preview":"max-video-preview:-1"},"canonical":"http:\/\/dentarena.com.tr\/en\/hizmetlerimiz\/","og_locale":"en_GB","og_type":"article","og_title":"Hizmetlerimiz - Dent Arena A\u011f\u0131z Ve Di\u015f Sa\u011fl\u0131\u011f\u0131 Poliklini\u011fi","og_url":"http:\/\/dentarena.com.tr\/en\/hizmetlerimiz\/","og_site_name":"Dent Arena A\u011f\u0131z Ve Di\u015f Sa\u011fl\u0131\u011f\u0131 Poliklini\u011fi","article_modified_time":"2022-02-03T14:37:42+00:00","twitter_card":"summary_large_image","twitter_misc":{"Estimated reading time":"6 minutes"},"schema":{"@context":"https:\/\/schema.org","@graph":[{"@type":"WebPage","@id":"http:\/\/dentarena.com.tr\/hizmetlerimiz\/","url":"http:\/\/dentarena.com.tr\/hizmetlerimiz\/","name":"Hizmetlerimiz - Dent Arena A\u011f\u0131z Ve Di\u015f Sa\u011fl\u0131\u011f\u0131 Poliklini\u011fi","isPartOf":{"@id":"https:\/\/dentarena.com.tr\/#website"},"datePublished":"2015-07-31T05:14:19+00:00","dateModified":"2022-02-03T14:37:42+00:00","breadcrumb":{"@id":"http:\/\/dentarena.com.tr\/hizmetlerimiz\/#breadcrumb"},"inLanguage":"en-GB","potentialAction":[{"@type":"ReadAction","target":["http:\/\/dentarena.com.tr\/hizmetlerimiz\/"]}]},{"@type":"BreadcrumbList","@id":"http:\/\/dentarena.com.tr\/hizmetlerimiz\/#breadcrumb","itemListElement":[{"@type":"ListItem","position":1,"name":"Anasayfa","item":"http:\/\/dentarena.com.tr\/"},{"@type":"ListItem","position":2,"name":"Hizmetlerimiz"}]},{"@type":"WebSite","@id":"https:\/\/dentarena.com.tr\/#website","url":"https:\/\/dentarena.com.tr\/","name":"Dent Arena A\u011f\u0131z Ve Di\u015f Sa\u011fl\u0131\u011f\u0131 Poliklini\u011fi","description":"","potentialAction":[{"@type":"SearchAction","target":{"@type":"EntryPoint","urlTemplate":"https:\/\/dentarena.com.tr\/?s={search_term_string}"},"query-input":{"@type":"PropertyValueSpecification","valueRequired":true,"valueName":"search_term_string"}}],"inLanguage":"en-GB"}]}},"_links":{"self":[{"href":"https:\/\/dentarena.com.tr\/en\/wp-json\/wp\/v2\/pages\/1481","targetHints":{"allow":["GET"]}}],"collection":[{"href":"https:\/\/dentarena.com.tr\/en\/wp-json\/wp\/v2\/pages"}],"about":[{"href":"https:\/\/dentarena.com.tr\/en\/wp-json\/wp\/v2\/types\/page"}],"author":[{"embeddable":true,"href":"https:\/\/dentarena.com.tr\/en\/wp-json\/wp\/v2\/users\/1"}],"replies":[{"embeddable":true,"href":"https:\/\/dentarena.com.tr\/en\/wp-json\/wp\/v2\/comments?post=1481"}],"version-history":[{"count":33,"href":"https:\/\/dentarena.com.tr\/en\/wp-json\/wp\/v2\/pages\/1481\/revisions"}],"predecessor-version":[{"id":4913,"href":"https:\/\/dentarena.com.tr\/en\/wp-json\/wp\/v2\/pages\/1481\/revisions\/4913"}],"wp:attachment":[{"href":"https:\/\/dentarena.com.tr\/en\/wp-json\/wp\/v2\/media?parent=1481"}],"curies":[{"name":"wp","href":"https:\/\/api.w.org\/{rel}","templated":true}]}}