{"id":1325,"date":"2015-07-30T11:24:49","date_gmt":"2015-07-30T08:24:49","guid":{"rendered":"http:\/\/medicine-plus.cmsmasters.net\/?page_id=1325"},"modified":"2022-01-10T14:04:50","modified_gmt":"2022-01-10T11:04:50","slug":"hakkimizda","status":"publish","type":"page","link":"https:\/\/dentarena.com.tr\/en\/hakkimizda\/","title":{"rendered":"About Us"},"content":{"rendered":"<style type=\"text\/css\"> \n#cmsms_row_69d48cf14c9335_29123278 .cmsms_row_outer_parent { \n\tpadding-top: 70px; \n} \n\n#cmsms_row_69d48cf14c9335_29123278 .cmsms_row_outer_parent { \n\tpadding-bottom: 50px; \n} \n\n\n\t\t\t\t#cmsms_gallery_69d48cf14cabe2_51045760 .cmsms_gallery {\n\t\t\t\t\tmargin:0 0 0 -10px;\n\t\t\t\t}\n\t\t\t\t\n\t\t\t\t#cmsms_gallery_69d48cf14cabe2_51045760 .cmsms_gallery .cmsms_gallery_item {\n\t\t\t\t\tpadding:0 0 10px 10px;\n\t\t\t\t}\n\t\t\t \n#cmsms_heading_69d48cf14da1b3_37115422 { \n\ttext-align:left; \n\tmargin-top:0px; \n\tmargin-bottom:40px; \n} \n\n#cmsms_heading_69d48cf14da1b3_37115422 .cmsms_heading { \n\ttext-align:left; \n} \n\n#cmsms_heading_69d48cf14da1b3_37115422 .cmsms_heading, #cmsms_heading_69d48cf14da1b3_37115422 .cmsms_heading a { \n\tfont-weight:normal; \n\tfont-style:normal; \n} \n\n#cmsms_heading_69d48cf14da1b3_37115422 .cmsms_heading_divider { \n} \n\n \n#cmsms_row_69d48cf14daaa0_46554773 .cmsms_row_outer_parent { \n\tpadding-top: 0px; \n} \n\n#cmsms_row_69d48cf14daaa0_46554773 .cmsms_row_outer_parent { \n\tpadding-bottom: 50px; \n} \n\n \n#cmsms_row_69d48cf14dc528_34955809 .cmsms_row_outer_parent { \n\tpadding-top: 0px; \n} \n\n#cmsms_row_69d48cf14dc528_34955809 .cmsms_row_outer_parent { \n\tpadding-bottom: 0px; \n} \n\n#cmsms_row_69d48cf14dc528_34955809 .cmsms_row_inner.cmsms_row_fullwidth { \n\tpadding-left:0%; \n} \n#cmsms_row_69d48cf14dc528_34955809 .cmsms_row_inner.cmsms_row_fullwidth { \n\tpadding-right:0%; \n} \n \n#cmsms_divider_69d48cf14ddaf8_17680813 { \n\tborder-bottom-width:1px; \n\tborder-bottom-style:solid; \n\tpadding-top:0px; \n\tmargin-bottom:0px; \n\tborder-bottom-color:rgba(229,229,229,0.8);\n} \n \n#cmsms_row_69d48cf14dde40_69509611 { \n\tbackground-image: url(https:\/\/dentarena.com.tr\/wp-content\/uploads\/2021\/07\/bg_2.jpg); \n\tbackground-position: top center; \n\tbackground-repeat: no-repeat; \n\tbackground-attachment: fixed; \n\tbackground-size: cover; \n} \n\n#cmsms_row_69d48cf14dde40_69509611 .cmsms_row_outer_parent { \n\tpadding-top: 60px; \n} \n\n#cmsms_row_69d48cf14dde40_69509611 .cmsms_row_outer_parent { \n\tpadding-bottom: 50px; \n} \n\n \n#cmsms_heading_69d48cf14e1251_84644785 { \n\ttext-align:center; \n\tmargin-top:0px; \n\tmargin-bottom:50px; \n} \n\n#cmsms_heading_69d48cf14e1251_84644785 .cmsms_heading { \n\ttext-align:center; \n} \n\n#cmsms_heading_69d48cf14e1251_84644785 .cmsms_heading, #cmsms_heading_69d48cf14e1251_84644785 .cmsms_heading a { \n\tfont-weight:normal; \n\tfont-style:normal; \n\tcolor:#ffffff;\n} \n\n#cmsms_heading_69d48cf14e1251_84644785 .cmsms_heading_divider { \n} \n\n \n#cmsms_row_69d48cf14f79b4_06071479 .cmsms_row_outer_parent { \n\tpadding-top: 0px; \n} \n\n#cmsms_row_69d48cf14f79b4_06071479 .cmsms_row_outer_parent { \n\tpadding-bottom: 0px; \n} \n\n#cmsms_row_69d48cf14f79b4_06071479 .cmsms_row_inner.cmsms_row_fullwidth { \n\tpadding-left:0%; \n} \n#cmsms_row_69d48cf14f79b4_06071479 .cmsms_row_inner.cmsms_row_fullwidth { \n\tpadding-right:0%; \n} \n \n#cmsms_divider_69d48cf14f8679_59934578 { \n\tborder-bottom-width:1px; \n\tborder-bottom-style:solid; \n\tpadding-top:0px; \n\tmargin-bottom:0px; \n} \n<\/style><div id=\"cmsms_row_69d48cf14c9335_29123278\" class=\"cmsms_row cmsms_color_scheme_default\">\n<div class=\"cmsms_row_outer_parent\">\n<div class=\"cmsms_row_outer\">\n<div class=\"cmsms_row_inner\">\n<div class=\"cmsms_row_margin\">\n<div class=\"cmsms_column one_half\">\n<div id=\"cmsms_gallery_69d48cf14cabe2_51045760\" class=\"cmsms_gallery_wrap\"><ul class=\"cmsms_gallery cmsms_4 cmsms_more_items_loader\"><li class=\"cmsms_gallery_item\"><figure><a href=\"https:\/\/dentarena.com.tr\/wp-content\/uploads\/2021\/11\/WhatsApp-Image-2021-10-20-at-17.36.02.jpeg\" rel=\"ilightbox[69d48cf14cabe2_51045760]\"><img fetchpriority=\"high\" decoding=\"async\" width=\"537\" height=\"516\" src=\"https:\/\/dentarena.com.tr\/wp-content\/uploads\/2021\/11\/WhatsApp-Image-2021-10-20-at-17.36.02.jpeg\" class=\"attachment-full size-full\" alt=\"\" srcset=\"https:\/\/dentarena.com.tr\/wp-content\/uploads\/2021\/11\/WhatsApp-Image-2021-10-20-at-17.36.02.jpeg 537w, https:\/\/dentarena.com.tr\/wp-content\/uploads\/2021\/11\/WhatsApp-Image-2021-10-20-at-17.36.02-300x288.jpeg 300w\" sizes=\"(max-width: 537px) 100vw, 537px\" \/><\/a><\/figure><\/li><li class=\"cmsms_gallery_item\"><figure><a href=\"https:\/\/dentarena.com.tr\/wp-content\/uploads\/2021\/11\/WhatsApp-Image-2021-10-20-at-17.36.27.jpeg\" rel=\"ilightbox[69d48cf14cabe2_51045760]\"><img decoding=\"async\" width=\"1558\" height=\"1600\" src=\"https:\/\/dentarena.com.tr\/wp-content\/uploads\/2021\/11\/WhatsApp-Image-2021-10-20-at-17.36.27.jpeg\" class=\"attachment-full size-full\" alt=\"\" srcset=\"https:\/\/dentarena.com.tr\/wp-content\/uploads\/2021\/11\/WhatsApp-Image-2021-10-20-at-17.36.27.jpeg 1558w, https:\/\/dentarena.com.tr\/wp-content\/uploads\/2021\/11\/WhatsApp-Image-2021-10-20-at-17.36.27-292x300.jpeg 292w, https:\/\/dentarena.com.tr\/wp-content\/uploads\/2021\/11\/WhatsApp-Image-2021-10-20-at-17.36.27-997x1024.jpeg 997w, https:\/\/dentarena.com.tr\/wp-content\/uploads\/2021\/11\/WhatsApp-Image-2021-10-20-at-17.36.27-768x789.jpeg 768w, https:\/\/dentarena.com.tr\/wp-content\/uploads\/2021\/11\/WhatsApp-Image-2021-10-20-at-17.36.27-1496x1536.jpeg 1496w, https:\/\/dentarena.com.tr\/wp-content\/uploads\/2021\/11\/WhatsApp-Image-2021-10-20-at-17.36.27-55x55.jpeg 55w, https:\/\/dentarena.com.tr\/wp-content\/uploads\/2021\/11\/WhatsApp-Image-2021-10-20-at-17.36.27-580x596.jpeg 580w, https:\/\/dentarena.com.tr\/wp-content\/uploads\/2021\/11\/WhatsApp-Image-2021-10-20-at-17.36.27-860x883.jpeg 860w, https:\/\/dentarena.com.tr\/wp-content\/uploads\/2021\/11\/WhatsApp-Image-2021-10-20-at-17.36.27-1160x1191.jpeg 1160w\" sizes=\"(max-width: 1558px) 100vw, 1558px\" \/><\/a><\/figure><\/li><li class=\"cmsms_gallery_item\"><figure><a href=\"https:\/\/dentarena.com.tr\/wp-content\/uploads\/2021\/11\/WhatsApp-Image-2021-10-20-at-17.36.02-1.jpeg\" rel=\"ilightbox[69d48cf14cabe2_51045760]\"><img decoding=\"async\" width=\"768\" height=\"1024\" src=\"https:\/\/dentarena.com.tr\/wp-content\/uploads\/2021\/11\/WhatsApp-Image-2021-10-20-at-17.36.02-1.jpeg\" class=\"attachment-full size-full\" alt=\"\" srcset=\"https:\/\/dentarena.com.tr\/wp-content\/uploads\/2021\/11\/WhatsApp-Image-2021-10-20-at-17.36.02-1.jpeg 768w, https:\/\/dentarena.com.tr\/wp-content\/uploads\/2021\/11\/WhatsApp-Image-2021-10-20-at-17.36.02-1-225x300.jpeg 225w, https:\/\/dentarena.com.tr\/wp-content\/uploads\/2021\/11\/WhatsApp-Image-2021-10-20-at-17.36.02-1-580x773.jpeg 580w\" sizes=\"(max-width: 768px) 100vw, 768px\" \/><\/a><\/figure><\/li><li class=\"cmsms_gallery_item\"><figure><a href=\"https:\/\/dentarena.com.tr\/wp-content\/uploads\/2021\/11\/WhatsApp-Image-2021-10-20-at-17.36.04.jpeg\" rel=\"ilightbox[69d48cf14cabe2_51045760]\"><img loading=\"lazy\" decoding=\"async\" width=\"768\" height=\"1024\" src=\"https:\/\/dentarena.com.tr\/wp-content\/uploads\/2021\/11\/WhatsApp-Image-2021-10-20-at-17.36.04.jpeg\" class=\"attachment-full size-full\" alt=\"\" srcset=\"https:\/\/dentarena.com.tr\/wp-content\/uploads\/2021\/11\/WhatsApp-Image-2021-10-20-at-17.36.04.jpeg 768w, https:\/\/dentarena.com.tr\/wp-content\/uploads\/2021\/11\/WhatsApp-Image-2021-10-20-at-17.36.04-225x300.jpeg 225w, https:\/\/dentarena.com.tr\/wp-content\/uploads\/2021\/11\/WhatsApp-Image-2021-10-20-at-17.36.04-580x773.jpeg 580w\" sizes=\"(max-width: 768px) 100vw, 768px\" \/><\/a><\/figure><\/li><\/ul><script type=\"text\/javascript\">\n\t\t\t\tjQuery(document).ready(function () {\n\t\t\t\t\t(function ($) {\n\t\t\t\t\t\tif ($('#cmsms_gallery_69d48cf14cabe2_51045760').find('.cmsms_gallery_item').length == '0') {\n\t\t\t\t\t\t\treturn false;\n\t\t\t\t\t\t}\n\t\t\t\t\t\t\n\t\t\t\t\t\t\n\t\t\t\t\t\tstartGallery( \n\t\t\t\t\t\t\t'69d48cf14cabe2_51045760', \n\t\t\t\t\t\t\t'grid', \n\t\t\t\t\t\t\t'false', \n\t\t\t\t\t\t\t'false' \n\t\t\t\t\t\t);\n\t\t\t\t\t} )(jQuery);\n\t\t\t\t} );\n\t\t\t<\/script>\n\t\t\t<\/div>\n<\/div>\n<div class=\"cmsms_column one_half\">\n\n<div id=\"cmsms_heading_69d48cf14da1b3_37115422\" class=\"cmsms_heading_wrap cmsms_heading_align_left\">\n\t<h1 class=\"cmsms_heading\">Welcome to our clinic!<\/h1>\n<\/div><div class=\"cmsms_text\">\n<div class=\"wpb_text_column\">\n<div class=\"wpb_wrapper\">\n<p>Our polyclinic is one where all the dentistry related branches are practiced.<\/p>\n<p>Mouth and teeth health are crucial for the health of the body because orthodontic medical problems could affect one\u2019s general state of health gravely. Mouth and teeth related medical conditions that are not treated on time, could always become a menace to our vital organs.<\/p>\n<p>Early diagnosis and treatment are important both for health related and financial reasons. For a long and healthy life, please take good care of your mouth and teeth.<\/p>\n<\/div>\n<\/div>\n<\/div>\n<\/div>\n<\/div>\n<\/div>\n<\/div>\n<\/div>\n<\/div>\n<div id=\"cmsms_row_69d48cf14daaa0_46554773\" class=\"cmsms_row cmsms_color_scheme_default\">\n<div class=\"cmsms_row_outer_parent\">\n<div class=\"cmsms_row_outer\">\n<div class=\"cmsms_row_inner\">\n<div class=\"cmsms_row_margin\">\n<div class=\"cmsms_column one_first\">\n<div class=\"cmsms_text\">\n<div class=\"wpb_text_column\">\n<div class=\"wpb_wrapper\">\n<h1><strong>Our Mission<\/strong><\/h1>\n<p>As Dent Arena Oral and Dental Health Polyclinic, we are determined to provide you with healthy, content, and hygienic treatments with our latest technology dentistry instruments.<\/p>\n<p>With our spacious lobby, hygienic clinics and medical staff specializing in all the different dentistry branches, we hope to be a safe medical center that you could consult trustingly.<\/p>\n<h1><strong>Our Vision<\/strong><\/h1>\n<p>Our most important criteria that shape our services are to create happy smiles, healthy teeth and to help you meet your aesthetic expectations.<\/p>\n<p>We try and work hard to give you the world class treatments with high standards, we follow the latest improvements in dentistry treatments and present them to you simultaneously.<\/p>\n<\/div>\n<\/div>\n<\/div>\n<\/div>\n<\/div>\n<\/div>\n<\/div>\n<\/div>\n<\/div>\n<div id=\"cmsms_row_69d48cf14dc528_34955809\" class=\"cmsms_row cmsms_color_scheme_default\">\n<div class=\"cmsms_row_outer_parent\">\n<div class=\"cmsms_row_outer\">\n<div class=\"cmsms_row_inner cmsms_row_fullwidth\">\n<div class=\"cmsms_row_margin\">\n<div class=\"cmsms_column one_first\">\n\n<div id=\"cmsms_divider_69d48cf14ddaf8_17680813\" class=\"cmsms_divider cmsms_divider_width_long cmsms_divider_pos_center\"><\/div>\n<\/div>\n<\/div>\n<\/div>\n<\/div>\n<\/div>\n<\/div>\n<div id=\"cmsms_row_69d48cf14dde40_69509611\" class=\"cmsms_row cmsms_color_scheme_fifth\" data-stellar-background-ratio=\"0.5\">\n<div class=\"cmsms_row_outer_parent\">\n<div class=\"cmsms_row_outer\">\n<div class=\"cmsms_row_inner\">\n<div class=\"cmsms_row_margin\">\n<div class=\"cmsms_column one_first\">\n\n<div id=\"cmsms_heading_69d48cf14e1251_84644785\" class=\"cmsms_heading_wrap cmsms_heading_align_center\">\n\t<h1 class=\"cmsms_heading\">KURUCUMUZ<\/h1>\n<\/div><div id=\"69d48cf14e1a61_28852039\" class=\"cmsms_profile horizontal\">\n\n<!--_________________________ Start Horizontal Profile _________________________ -->\n\n<article id=\"post-383\" class=\"one_half post-383 profile type-profile status-publish has-post-thumbnail hentry pl-categs-dis-hekimi pl-categs-kurucu\">\n\t<div class=\"pl_img\">\n<figure>\n<a href=\"https:\/\/dentarena.com.tr\/en\/profile\/bahtiyar_ozturk\/\"><img loading=\"lazy\" decoding=\"async\" width=\"580\" height=\"580\" src=\"https:\/\/dentarena.com.tr\/wp-content\/uploads\/2015\/07\/3-2-580x580.png\" class=\"attachment-project-thumb size-project-thumb wp-post-image\" alt=\"Dt. Bahtiyar \u00d6ZT\u00dcRK\" title=\"Dt. Bahtiyar \u00d6ZT\u00dcRK\" srcset=\"https:\/\/dentarena.com.tr\/wp-content\/uploads\/2015\/07\/3-2-580x580.png 580w, https:\/\/dentarena.com.tr\/wp-content\/uploads\/2015\/07\/3-2-300x300.png 300w, https:\/\/dentarena.com.tr\/wp-content\/uploads\/2015\/07\/3-2-1024x1024.png 1024w, https:\/\/dentarena.com.tr\/wp-content\/uploads\/2015\/07\/3-2-150x150.png 150w, https:\/\/dentarena.com.tr\/wp-content\/uploads\/2015\/07\/3-2-768x768.png 768w, https:\/\/dentarena.com.tr\/wp-content\/uploads\/2015\/07\/3-2-55x55.png 55w, https:\/\/dentarena.com.tr\/wp-content\/uploads\/2015\/07\/3-2-860x860.png 860w, https:\/\/dentarena.com.tr\/wp-content\/uploads\/2015\/07\/3-2.png 1080w\" sizes=\"(max-width: 580px) 100vw, 580px\" \/><\/a><\/figure>\n<\/div>\n<div class=\"pl_content\">\n<h3 class=\"entry-title\">\n<a href=\"https:\/\/dentarena.com.tr\/en\/profile\/bahtiyar_ozturk\/\">Dt. Bahtiyar \u00d6ZT\u00dcRK<\/a>\n<\/h3>\n<h5 class=\"pl_subtitle\">Dentist and Founder<\/h5>\n<div class=\"pl_social\">\n<ul class=\"pl_social_list\">\n<li>\n\t<a href=\"http:\/\/www.facebook.com\/dentarenatr\" class=\"cmsms-icon-facebook\" title=\"\" target=\"_blank\"><\/a>\r<\/li>\n<li>\n\t<a href=\"http:\/\/www.instagram.com\/dentarena\" class=\"cmsms-icon-custom-instagram-with-circle\" title=\"\" target=\"_blank\"><\/a>\r<\/li>\n<\/ul>\n<\/div>\n<div class=\"entry-content\">\nProfessional interests: zirconium and e-max crowns, dental implant treatments, surgical operations, application of aesthetic composites, aesthetic dentistry, impacted wisdom tooth extraction<\/div>\n<\/div>\n\t<div class=\"cl\"><\/div>\n<\/article>\n<!--_________________________ Finish Horizontal Profile _________________________ -->\n\n<\/div>\n<\/div>\n<\/div>\n<\/div>\n<\/div>\n<\/div>\n<\/div>\n<div id=\"cmsms_row_69d48cf14f79b4_06071479\" class=\"cmsms_row cmsms_color_scheme_default\">\n<div class=\"cmsms_row_outer_parent\">\n<div class=\"cmsms_row_outer\">\n<div class=\"cmsms_row_inner cmsms_row_fullwidth\">\n<div class=\"cmsms_row_margin\">\n<div class=\"cmsms_column one_first\">\n\n<div id=\"cmsms_divider_69d48cf14f8679_59934578\" class=\"cmsms_divider cmsms_divider_width_long cmsms_divider_pos_center\"><\/div>\n<\/div>\n<\/div>\n<\/div>\n<\/div>\n<\/div>\n<\/div>","protected":false},"excerpt":{"rendered":"","protected":false},"author":1,"featured_media":0,"parent":0,"menu_order":0,"comment_status":"closed","ping_status":"closed","template":"","meta":{"footnotes":""},"class_list":["post-1325","page","type-page","status-publish","hentry"],"yoast_head":"<!-- This site is optimized with the Yoast SEO plugin v25.1 - https:\/\/yoast.com\/wordpress\/plugins\/seo\/ -->\n<title>Hakk\u0131m\u0131zda - Dent Arena A\u011f\u0131z Ve Di\u015f Sa\u011fl\u0131\u011f\u0131 Poliklini\u011fi<\/title>\n<meta name=\"robots\" content=\"index, follow, max-snippet:-1, max-image-preview:large, max-video-preview:-1\" \/>\n<link rel=\"canonical\" href=\"https:\/\/dentarena.com.tr\/en\/hakkimizda\/\" \/>\n<meta property=\"og:locale\" content=\"en_GB\" \/>\n<meta property=\"og:type\" content=\"article\" \/>\n<meta property=\"og:title\" content=\"Hakk\u0131m\u0131zda - Dent Arena A\u011f\u0131z Ve Di\u015f Sa\u011fl\u0131\u011f\u0131 Poliklini\u011fi\" \/>\n<meta property=\"og:url\" content=\"https:\/\/dentarena.com.tr\/en\/hakkimizda\/\" \/>\n<meta property=\"og:site_name\" content=\"Dent Arena A\u011f\u0131z Ve Di\u015f Sa\u011fl\u0131\u011f\u0131 Poliklini\u011fi\" \/>\n<meta property=\"article:modified_time\" content=\"2022-01-10T11:04:50+00:00\" \/>\n<meta name=\"twitter:card\" content=\"summary_large_image\" \/>\n<meta name=\"twitter:label1\" content=\"Estimated reading time\" \/>\n\t<meta name=\"twitter:data1\" content=\"3 minutes\" \/>\n<script type=\"application\/ld+json\" class=\"yoast-schema-graph\">{\"@context\":\"https:\/\/schema.org\",\"@graph\":[{\"@type\":\"WebPage\",\"@id\":\"https:\/\/dentarena.com.tr\/en\/hakkimizda\/\",\"url\":\"https:\/\/dentarena.com.tr\/en\/hakkimizda\/\",\"name\":\"Hakk\u0131m\u0131zda - Dent Arena A\u011f\u0131z Ve Di\u015f Sa\u011fl\u0131\u011f\u0131 Poliklini\u011fi\",\"isPartOf\":{\"@id\":\"https:\/\/dentarena.com.tr\/#website\"},\"datePublished\":\"2015-07-30T08:24:49+00:00\",\"dateModified\":\"2022-01-10T11:04:50+00:00\",\"breadcrumb\":{\"@id\":\"https:\/\/dentarena.com.tr\/en\/hakkimizda\/#breadcrumb\"},\"inLanguage\":\"en-GB\",\"potentialAction\":[{\"@type\":\"ReadAction\",\"target\":[\"https:\/\/dentarena.com.tr\/en\/hakkimizda\/\"]}]},{\"@type\":\"BreadcrumbList\",\"@id\":\"https:\/\/dentarena.com.tr\/en\/hakkimizda\/#breadcrumb\",\"itemListElement\":[{\"@type\":\"ListItem\",\"position\":1,\"name\":\"Anasayfa\",\"item\":\"http:\/\/dentarena.com.tr\/\"},{\"@type\":\"ListItem\",\"position\":2,\"name\":\"Hakk\u0131m\u0131zda\"}]},{\"@type\":\"WebSite\",\"@id\":\"https:\/\/dentarena.com.tr\/#website\",\"url\":\"https:\/\/dentarena.com.tr\/\",\"name\":\"Dent Arena A\u011f\u0131z Ve Di\u015f Sa\u011fl\u0131\u011f\u0131 Poliklini\u011fi\",\"description\":\"\",\"potentialAction\":[{\"@type\":\"SearchAction\",\"target\":{\"@type\":\"EntryPoint\",\"urlTemplate\":\"https:\/\/dentarena.com.tr\/?s={search_term_string}\"},\"query-input\":{\"@type\":\"PropertyValueSpecification\",\"valueRequired\":true,\"valueName\":\"search_term_string\"}}],\"inLanguage\":\"en-GB\"}]}<\/script>\n<!-- \/ Yoast SEO plugin. -->","yoast_head_json":{"title":"Hakk\u0131m\u0131zda - Dent Arena A\u011f\u0131z Ve Di\u015f Sa\u011fl\u0131\u011f\u0131 Poliklini\u011fi","robots":{"index":"index","follow":"follow","max-snippet":"max-snippet:-1","max-image-preview":"max-image-preview:large","max-video-preview":"max-video-preview:-1"},"canonical":"https:\/\/dentarena.com.tr\/en\/hakkimizda\/","og_locale":"en_GB","og_type":"article","og_title":"Hakk\u0131m\u0131zda - Dent Arena A\u011f\u0131z Ve Di\u015f Sa\u011fl\u0131\u011f\u0131 Poliklini\u011fi","og_url":"https:\/\/dentarena.com.tr\/en\/hakkimizda\/","og_site_name":"Dent Arena A\u011f\u0131z Ve Di\u015f Sa\u011fl\u0131\u011f\u0131 Poliklini\u011fi","article_modified_time":"2022-01-10T11:04:50+00:00","twitter_card":"summary_large_image","twitter_misc":{"Estimated reading time":"3 minutes"},"schema":{"@context":"https:\/\/schema.org","@graph":[{"@type":"WebPage","@id":"https:\/\/dentarena.com.tr\/en\/hakkimizda\/","url":"https:\/\/dentarena.com.tr\/en\/hakkimizda\/","name":"Hakk\u0131m\u0131zda - Dent Arena A\u011f\u0131z Ve Di\u015f Sa\u011fl\u0131\u011f\u0131 Poliklini\u011fi","isPartOf":{"@id":"https:\/\/dentarena.com.tr\/#website"},"datePublished":"2015-07-30T08:24:49+00:00","dateModified":"2022-01-10T11:04:50+00:00","breadcrumb":{"@id":"https:\/\/dentarena.com.tr\/en\/hakkimizda\/#breadcrumb"},"inLanguage":"en-GB","potentialAction":[{"@type":"ReadAction","target":["https:\/\/dentarena.com.tr\/en\/hakkimizda\/"]}]},{"@type":"BreadcrumbList","@id":"https:\/\/dentarena.com.tr\/en\/hakkimizda\/#breadcrumb","itemListElement":[{"@type":"ListItem","position":1,"name":"Anasayfa","item":"http:\/\/dentarena.com.tr\/"},{"@type":"ListItem","position":2,"name":"Hakk\u0131m\u0131zda"}]},{"@type":"WebSite","@id":"https:\/\/dentarena.com.tr\/#website","url":"https:\/\/dentarena.com.tr\/","name":"Dent Arena A\u011f\u0131z Ve Di\u015f Sa\u011fl\u0131\u011f\u0131 Poliklini\u011fi","description":"","potentialAction":[{"@type":"SearchAction","target":{"@type":"EntryPoint","urlTemplate":"https:\/\/dentarena.com.tr\/?s={search_term_string}"},"query-input":{"@type":"PropertyValueSpecification","valueRequired":true,"valueName":"search_term_string"}}],"inLanguage":"en-GB"}]}},"_links":{"self":[{"href":"https:\/\/dentarena.com.tr\/en\/wp-json\/wp\/v2\/pages\/1325","targetHints":{"allow":["GET"]}}],"collection":[{"href":"https:\/\/dentarena.com.tr\/en\/wp-json\/wp\/v2\/pages"}],"about":[{"href":"https:\/\/dentarena.com.tr\/en\/wp-json\/wp\/v2\/types\/page"}],"author":[{"embeddable":true,"href":"https:\/\/dentarena.com.tr\/en\/wp-json\/wp\/v2\/users\/1"}],"replies":[{"embeddable":true,"href":"https:\/\/dentarena.com.tr\/en\/wp-json\/wp\/v2\/comments?post=1325"}],"version-history":[{"count":27,"href":"https:\/\/dentarena.com.tr\/en\/wp-json\/wp\/v2\/pages\/1325\/revisions"}],"predecessor-version":[{"id":4880,"href":"https:\/\/dentarena.com.tr\/en\/wp-json\/wp\/v2\/pages\/1325\/revisions\/4880"}],"wp:attachment":[{"href":"https:\/\/dentarena.com.tr\/en\/wp-json\/wp\/v2\/media?parent=1325"}],"curies":[{"name":"wp","href":"https:\/\/api.w.org\/{rel}","templated":true}]}}